{"id":4466,"date":"2021-05-24T11:45:18","date_gmt":"2021-05-24T11:45:18","guid":{"rendered":"https:\/\/knioch5.devdesign.pl\/?page_id=4466"},"modified":"2023-10-11T12:39:49","modified_gmt":"2023-10-11T12:39:49","slug":"praktyki","status":"publish","type":"page","link":"https:\/\/knioch.pl\/en\/kariera\/praktyki\/","title":{"rendered":"Training"},"content":{"rendered":"<p><div class=\"fusion-fullwidth fullwidth-box fusion-builder-row-1 fusion-flex-container nonhundred-percent-fullwidth non-hundred-percent-height-scrolling\" style=\"background-color: rgba(255,255,255,0);background-position: center center;background-repeat: no-repeat;border-width: 0px 0px 0px 0px;border-color:rgba(0,0,0,0.08);border-style:solid;\" ><div class=\"fusion-builder-row fusion-row fusion-flex-align-items-flex-start\" style=\"max-width:1372.8px;margin-left: calc(-4% \/ 2 );margin-right: calc(-4% \/ 2 );\"><div class=\"fusion-layout-column fusion_builder_column fusion-builder-column-0 fusion_builder_column_1_1 1_1 fusion-flex-column\"><div class=\"fusion-column-wrapper fusion-flex-justify-content-flex-start fusion-content-layout-column\" style=\"background-position:left top;background-repeat:no-repeat;-webkit-background-size:cover;-moz-background-size:cover;-o-background-size:cover;background-size:cover;padding: 0px 0px 0px 0px;\">\n<div class=\"fusion-slider-revolution rev_slider_wrapper\">\t\t\t<!-- START PRAKTYKI REVOLUTION SLIDER 6.6.8 --><p class=\"rs-p-wp-fix\"><\/p>\n\t\t\t<rs-module-wrap id=\"rev_slider_9_1_wrapper\" data-source=\"gallery\" style=\"visibility:hidden;background:transparent;padding:0;margin:0px auto;margin-top:0;margin-bottom:0;\">\n\t\t\t\t<rs-module id=\"rev_slider_9_1\" style=\"\" data-version=\"6.6.8\">\n\t\t\t\t\t<rs-slides style=\"overflow: hidden; position: absolute;\">\n\t\t\t\t\t\t<rs-slide style=\"position: absolute;\" data-key=\"rs-9\" data-title=\"Slide\" data-anim=\"adpr:false;\" data-in=\"o:0;\" data-out=\"a:false;\">\n\t\t\t\t\t\t\t<img decoding=\"async\" src=\"\/\/knioch.pl\/wp-content\/plugins\/revslider\/public\/assets\/assets\/dummy.png\" alt=\"\" title=\"knioch_compress_1.jpeg\" width=\"1920\" height=\"1080\" class=\"rev-slidebg tp-rs-img rs-lazyload\" data-lazyload=\"\/\/knioch.pl\/wp-content\/uploads\/revslider\/video-media\/knioch_compress_1.jpeg\" data-parallax=\"off\" data-no-retina>\n\t\t\t\t\t\t\t<rs-bgvideo \n\t\t\t\t\t\t\t\tdata-video=\"w:100%;h:100%;sta:00:05;nse:false;rwd:false;l:true;ptimer:false;vfc:true;\"\n\t\t\t\t\t\t\t\tdata-mp4=\"\/\/knioch.pl\/wp-content\/uploads\/2023\/02\/Nowy-projekt2.mp4\"\n\t\t\t\t\t\t\t><\/rs-bgvideo>\n<!--\n\t\t\t\t\t\t\t--><rs-layer\n\t\t\t\t\t\t\t\tid=\"slider-9-slide-9-layer-0\" \n\t\t\t\t\t\t\t\tdata-type=\"text\"\n\t\t\t\t\t\t\t\tdata-tsh=\"h:2px,2px,2px,0px;v:2px,2px,2px,0px;b:2px,2px,2px,0px;\"\n\t\t\t\t\t\t\t\tdata-rsp_ch=\"on\"\n\t\t\t\t\t\t\t\tdata-xy=\"x:c;y:m;\"\n\t\t\t\t\t\t\t\tdata-text=\"w:normal;s:60,60,60,42;l:25,25,25,9;fw:300;a:center;\"\n\t\t\t\t\t\t\t\tdata-border=\"bos:solid;bow:0,0,2px,0;\"\n\t\t\t\t\t\t\t\tdata-frame_999=\"o:0;st:w;\"\n\t\t\t\t\t\t\t\tstyle=\"z-index:8;font-family:'Lato';text-transform:uppercase;\"\n\t\t\t\t\t\t\t>Training \n\t\t\t\t\t\t\t<\/rs-layer><!--\n-->\t\t\t\t\t\t<\/rs-slide>\n\t\t\t\t\t<\/rs-slides>\n\t\t\t\t<\/rs-module>\n\t\t\t\t<script>\n\t\t\t\t\tsetREVStartSize({c: 'rev_slider_9_1',rl:[1240,1240,1240,480],el:[420,420,420,320],gw:[1240,1240,1240,480],gh:[420,420,420,320],type:'standard',justify:'',layout:'fullwidth',mh:\"0\"});if (window.RS_MODULES!==undefined && window.RS_MODULES.modules!==undefined && window.RS_MODULES.modules[\"revslider91\"]!==undefined) {window.RS_MODULES.modules[\"revslider91\"].once = false;window.revapi9 = undefined;if (window.RS_MODULES.checkMinimal!==undefined) window.RS_MODULES.checkMinimal()}\n\t\t\t\t<\/script>\n\t\t\t<\/rs-module-wrap>\n\t\t\t<!-- END REVOLUTION SLIDER -->\n<\/div><\/div><style type=\"text\/css\">.fusion-body .fusion-builder-column-0{width:100% !important;margin-top : 20px;margin-bottom : 20px;}.fusion-builder-column-0 > .fusion-column-wrapper {padding-top : 0px !important;padding-right : 0px !important;margin-right : 1.92%;padding-bottom : 0px !important;padding-left : 0px !important;margin-left : 1.92%;}@media only screen and (max-width:1024px) {.fusion-body .fusion-builder-column-0{width:100% !important;order : 0;}.fusion-builder-column-0 > .fusion-column-wrapper {margin-right : 1.92%;margin-left : 1.92%;}}@media only screen and (max-width:640px) {.fusion-body .fusion-builder-column-0{width:100% !important;order : 0;}.fusion-builder-column-0 > .fusion-column-wrapper {margin-right : 1.92%;margin-left : 1.92%;}}<\/style><\/div><\/div><style type=\"text\/css\">.fusion-body .fusion-flex-container.fusion-builder-row-1{ padding-top : 0px;margin-top : -22px;padding-right : 0px;padding-bottom : 0px;margin-bottom : 0;padding-left : 0px;}<\/style><\/div><div class=\"fusion-fullwidth fullwidth-box fusion-builder-row-2 fusion-flex-container nonhundred-percent-fullwidth non-hundred-percent-height-scrolling\" style=\"background-color: rgba(255,255,255,0);background-image:linear-gradient(180deg, rgba(255,255,255,0) 65%,#f4f4f6 65%);background-position: center center;background-repeat: no-repeat;border-width: 0px 0px 0px 0px;border-color:rgba(0,0,0,0.08);border-style:solid;\" ><div class=\"fusion-builder-row fusion-row fusion-flex-align-items-stretch fusion-flex-justify-content-center\" style=\"max-width:1372.8px;margin-left: calc(-4% \/ 2 );margin-right: calc(-4% \/ 2 );\"><div class=\"fusion-layout-column fusion_builder_column fusion-builder-column-1 fusion_builder_column_1_1 1_1 fusion-flex-column fusion-animated\" data-animationtype=\"fadeInDown\" data-animationduration=\"1.6\" data-animationoffset=\"100%\"><div class=\"fusion-column-wrapper fusion-column-has-shadow fusion-flex-justify-content-flex-start fusion-content-layout-column\" style=\"background-position:left top;background-repeat:no-repeat;-webkit-background-size:cover;-moz-background-size:cover;-o-background-size:cover;background-size:cover;border-radius:12px 12px 12px 12px;background-color:#ffffff;border-width: 0 1px 1px 1px;border-color:rgba(0,0,0,0.05);border-style:solid;border-radius:12px 12px 12px 12px;overflow:hidden;box-shadow:0px 12px 32px -10px rgba(0,0,0,0.1);;padding: 40px 40px 40px 40px;\"><style type=\"text\/css\">@media only screen and (max-width:1024px) {.fusion-title.fusion-title-1{margin-top:!important;margin-right:!important;margin-bottom:12px!important; margin-left:!important;}}@media only screen and (max-width:640px) {.fusion-title.fusion-title-1{margin-top:12px!important; margin-right:0px!important;margin-bottom:24px!important; margin-left:0px!important;}}<\/style><div class=\"fusion-title title fusion-title-1 fusion-sep-none fusion-title-text fusion-title-size-two\" style=\"margin-top:0px;margin-right:0px;margin-bottom:8px;margin-left:0px;\"><div class=\"title-heading-left title-heading-tag fusion-responsive-typography-calculated\" style=\"margin:0;--fontSize:18;line-height:1.6;\"><p style=\"text-align: justify;\" class=\" translation-block\">Do you want to gain experience and have a better position on the job market? We would like to invite you to\nan apprenticeship at <strong>KNIOCH!<\/strong> With us you will learn the ins and outs of production processes, how to\noperate the latest CNC machines and how to design with innovative software. We guarantee that during\nyour apprenticeship you will acquire the right level of knowledge and experience which may pay off later on\nwith a job at a company you already know well!<\/p>\n<p style=\"text-align: justify;\"><strong>KNIOCH<\/strong> <strong>KNIOCH<\/strong> is looking for young, ambitious and creative trainees who absolutely want to make the most of their\ntraining time. Are you one of these people? Then great! Get in touch with us and we'll tell you what you\nshould do to take advantage of the apprenticeships organised with us. This will open the door to a career at\nKNIOCH!<\/strong> <strong>KNIOCH<\/strong>!<\/p><\/div><\/div><div class=\"fusion-builder-row fusion-builder-row-inner fusion-row fusion-flex-align-items-stretch fusion-flex-justify-content-center\" style=\"width:104% !important;max-width:104% !important;margin-left: calc(-4% \/ 2 );margin-right: calc(-4% \/ 2 );\"><div class=\"fusion-layout-column fusion_builder_column_inner fusion-builder-nested-column-0 fusion_builder_column_inner_1_4 1_4 fusion-flex-column\"><div class=\"fusion-column-wrapper fusion-flex-justify-content-flex-start fusion-content-layout-column\" style=\"background-position:left top;background-repeat:no-repeat;-webkit-background-size:cover;-moz-background-size:cover;-o-background-size:cover;background-size:cover;padding: 0px 0px 0px 0px;\"><div style=\"text-align:center;\"><span class=\"fusion-imageframe imageframe-none imageframe-1 hover-type-none\" style=\"border-radius:8px;\"><img decoding=\"async\" width=\"203\" height=\"249\" title=\"indeks\" src=\"https:\/\/knioch.pl\/wp-content\/uploads\/2022\/04\/indeks.jpg\" data-orig-src=\"https:\/\/knioch.pl\/wp-content\/uploads\/2022\/04\/indeks.jpg\" class=\"lazyload img-responsive wp-image-5340\" srcset=\"data:image\/svg+xml,%3Csvg%20xmlns%3D%27http%3A%2F%2Fwww.w3.org%2F2000%2Fsvg%27%20width%3D%27203%27%20height%3D%27249%27%20viewBox%3D%270%200%20203%20249%27%3E%3Crect%20width%3D%27203%27%20height%3D%27249%27%20fill-opacity%3D%220%22%2F%3E%3C%2Fsvg%3E\" data-srcset=\"https:\/\/knioch.pl\/wp-content\/uploads\/2022\/04\/indeks-200x245.jpg 200w, https:\/\/knioch.pl\/wp-content\/uploads\/2022\/04\/indeks.jpg 203w\" data-sizes=\"auto\" data-orig-sizes=\"(max-width: 640px) 100vw, 203px\" \/><\/span><\/div><\/div><style type=\"text\/css\">.fusion-body .fusion-builder-nested-column-0{width:25% !important;margin-top : 20px;margin-bottom : 20px;}.fusion-builder-nested-column-0 > .fusion-column-wrapper {padding-top : 0px !important;padding-right : 0px !important;margin-right : 7.68%;padding-bottom : 0px !important;padding-left : 0px !important;margin-left : 7.68%;}@media only screen and (max-width:1024px) {.fusion-body .fusion-builder-nested-column-0{width:25% !important;order : 0;}.fusion-builder-nested-column-0 > .fusion-column-wrapper {margin-right : 7.68%;margin-left : 7.68%;}}@media only screen and (max-width:640px) {.fusion-body .fusion-builder-nested-column-0{width:100% !important;order : 0;}.fusion-builder-nested-column-0 > .fusion-column-wrapper {margin-right : 1.92%;margin-left : 1.92%;}}<\/style><\/div><div class=\"fusion-layout-column fusion_builder_column_inner fusion-builder-nested-column-1 fusion_builder_column_inner_3_4 3_4 fusion-flex-column\"><div class=\"fusion-column-wrapper fusion-flex-justify-content-flex-start fusion-content-layout-column\" style=\"background-position:left top;background-repeat:no-repeat;-webkit-background-size:cover;-moz-background-size:cover;-o-background-size:cover;background-size:cover;padding: 0px 0px 0px 0px;\"><div class=\"fusion-text fusion-text-1 fusion-text-no-margin\" style=\"margin-bottom:5px;\"><p><strong>KNIOCH<\/strong> together with the Agricultural School Complex, provides practical vocational training in\nthe fields of study:<\/p>\n<\/div><ul class=\"fusion-checklist fusion-checklist-1\" style=\"font-size:20px;line-height:34px;\"><li class=\"fusion-li-item\"><span style=\"height:34px;width:34px;margin-right:14px;\" class=\"icon-wrapper circle-no\"><i class=\"fusion-li-icon fa-arrow-right fas\" style=\"color:#ef7c00;\" aria-hidden=\"true\"><\/i><\/span><div class=\"fusion-li-item-content\" style=\"margin-left:48px;\">mechatronics technician<\/div><\/li><li class=\"fusion-li-item\"><span style=\"height:34px;width:34px;margin-right:14px;\" class=\"icon-wrapper circle-no\"><i class=\"fusion-li-icon fa-arrow-right fas\" style=\"color:#ef7c00;\" aria-hidden=\"true\"><\/i><\/span><div class=\"fusion-li-item-content\" style=\"margin-left:48px;\">automation technician<\/div><\/li><li class=\"fusion-li-item\"><span style=\"height:34px;width:34px;margin-right:14px;\" class=\"icon-wrapper circle-no\"><i class=\"fusion-li-icon fa-arrow-right fas\" style=\"color:#ef7c00;\" aria-hidden=\"true\"><\/i><\/span><div class=\"fusion-li-item-content\" style=\"margin-left:48px;\">locksmith<\/div><\/li><\/ul><div class=\"fusion-text fusion-text-2\" style=\"margin-top:10px;\"><p>Under the guidance of specialists, engineers, students acquire practical knowledge and skills. <strong>We look forward to seeing you!<\/strong><\/p>\n<\/div><\/div><style type=\"text\/css\">.fusion-body .fusion-builder-nested-column-1{width:75% !important;margin-top : 20px;margin-bottom : 20px;}.fusion-builder-nested-column-1 > .fusion-column-wrapper {padding-top : 0px !important;padding-right : 0px !important;margin-right : 2.56%;padding-bottom : 0px !important;padding-left : 0px !important;margin-left : 2.56%;}@media only screen and (max-width:1024px) {.fusion-body .fusion-builder-nested-column-1{width:75% !important;order : 0;}.fusion-builder-nested-column-1 > .fusion-column-wrapper {margin-right : 2.56%;margin-left : 2.56%;}}@media only screen and (max-width:640px) {.fusion-body .fusion-builder-nested-column-1{width:100% !important;order : 0;}.fusion-builder-nested-column-1 > .fusion-column-wrapper {margin-right : 1.92%;margin-left : 1.92%;}}<\/style><\/div><\/div><div class=\"fusion-audio fusion-audio-1\" style=\"--fusion-audio-accent-color:#ffffff;--fusion-audio-border-size:0;--fusion-audio-border-top-left-radius:0px;--fusion-audio-border-top-right-radius:0px;--fusion-audio-border-bottom-right-radius:0px;--fusion-audio-border-bottom-left-radius:0px;--fusion-audio-background-color:#000000;--fusion-audio-max-width:100%;\"><!--[if lt IE 9]><script>document.createElement('audio');<\/script><![endif]-->\n<audio class=\"wp-audio-shortcode\" id=\"audio-4466-1\" autoplay=\"1\" preload=\"auto\" style=\"width: 100%;\" controls=\"controls\"><source type=\"audio\/wav\" src=\"https:\/\/knioch.pl\/wp-content\/uploads\/2023\/06\/Praktyki.wav?_=1\" \/><a href=\"https:\/\/knioch.pl\/wp-content\/uploads\/2023\/06\/Praktyki.wav\">https:\/\/knioch.pl\/wp-content\/uploads\/2023\/06\/Praktyki.wav<\/a><\/audio><\/div><style type=\"text\/css\">@media all and (-ms-high-contrast: none), (-ms-high-contrast: active) {.fusion-audio-1{max-width:100%;}.fusion-audio-1 .mejs-embed,.fusion-audio-1 .mejs-embed body,.fusion-audio-1 .mejs-container .mejs-controls{background-color:#000000;}.fusion-audio-1 .mejs-controls .mejs-time-rail .mejs-time-current{background:#ffffff;}}<\/style><div class=\"fusion-separator fusion-full-width-sep\" style=\"align-self: center;margin-left: auto;margin-right: auto;margin-top:10px;margin-bottom:10px;width:100%;\"><\/div><\/div><style type=\"text\/css\">.fusion-body .fusion-builder-column-1{width:100% !important;margin-top : 20px;margin-bottom : 20px;}.fusion-builder-column-1 > .fusion-column-wrapper {padding-top : 40px !important;padding-right : 40px !important;margin-right : 1.92%;padding-bottom : 40px !important;padding-left : 40px !important;margin-left : 1.92%;}@media only screen and (max-width:1024px) {.fusion-body .fusion-builder-column-1{width:100% !important;order : 0;}.fusion-builder-column-1 > .fusion-column-wrapper {padding-top : 20px !important;padding-right : 20px !important;margin-right : 1.92%;padding-bottom : 30px !important;padding-left : 20px !important;margin-left : 1.92%;}}@media only screen and (max-width:640px) {.fusion-body .fusion-builder-column-1{width:100% !important;order : 0;}.fusion-builder-column-1 > .fusion-column-wrapper {margin-right : 1.92%;margin-left : 1.92%;}}<\/style><style type=\"text\/css\">.fusion-builder-column-1{filter: opacity(93%);transition: filter 0.3s ease;}.fusion-builder-column-1:hover{filter: opacity(100%);}<\/style><\/div><\/div><style type=\"text\/css\">.fusion-body .fusion-flex-container.fusion-builder-row-2{ padding-top : 1%;margin-top : 0px;padding-right : 0px;padding-bottom : 60px;margin-bottom : 0px;padding-left : 0px;}@media only screen and (max-width:1024px) {.fusion-body .fusion-flex-container.fusion-builder-row-2{ padding-bottom : 40px;}}@media only screen and (max-width:640px) {.fusion-body .fusion-flex-container.fusion-builder-row-2{ padding-top : 40px;padding-bottom : 40px;}}<\/style><\/div><\/p>","protected":false},"excerpt":{"rendered":"","protected":false},"author":3,"featured_media":0,"parent":3773,"menu_order":0,"comment_status":"closed","ping_status":"closed","template":"100-width.php","meta":{"footnotes":""},"yoast_head":"<!-- This site is optimized with the Yoast SEO plugin v21.5 - https:\/\/yoast.com\/wordpress\/plugins\/seo\/ -->\n<title>Praktyki - Knioch M. Sp. K w \u015arodzie Wielkopolskiej.<\/title>\n<meta name=\"description\" content=\"Sprawd\u017a aktualn\u0105 ofert\u0119 praktyk w firmie Knioch M. Sp. K w \u015arodzie Wielkopolskiej. Zbuduj swoj\u0105 karier\u0119 razem z nami!\" \/>\n<meta name=\"robots\" content=\"index, follow, max-snippet:-1, max-image-preview:large, max-video-preview:-1\" \/>\n<link rel=\"canonical\" href=\"https:\/\/knioch.pl\/en\/kariera\/praktyki\/\" \/>\n<meta property=\"og:locale\" content=\"en_GB\" \/>\n<meta property=\"og:type\" content=\"article\" \/>\n<meta property=\"og:title\" content=\"Praktyki - Knioch M. Sp. K w \u015arodzie Wielkopolskiej.\" \/>\n<meta property=\"og:description\" content=\"Sprawd\u017a aktualn\u0105 ofert\u0119 praktyk w firmie Knioch M. Sp. K w \u015arodzie Wielkopolskiej. Zbuduj swoj\u0105 karier\u0119 razem z nami!\" \/>\n<meta property=\"og:url\" content=\"https:\/\/knioch.pl\/en\/kariera\/praktyki\/\" \/>\n<meta property=\"og:site_name\" content=\"Wykrawanie, obr\u00f3bka i ci\u0119cie blach, wycinanie laserowe, gi\u0119cie drutu i profili, spawanie tig i mag - Knioch\" \/>\n<meta property=\"article:modified_time\" content=\"2023-10-11T12:39:49+00:00\" \/>\n<meta name=\"twitter:card\" content=\"summary_large_image\" \/>\n<meta name=\"twitter:label1\" content=\"Estimated reading time\" \/>\n\t<meta name=\"twitter:data1\" content=\"6 minutes\" \/>\n<script type=\"application\/ld+json\" class=\"yoast-schema-graph\">{\"@context\":\"https:\/\/schema.org\",\"@graph\":[{\"@type\":\"WebPage\",\"@id\":\"https:\/\/knioch.pl\/en\/kariera\/praktyki\/\",\"url\":\"https:\/\/knioch.pl\/en\/kariera\/praktyki\/\",\"name\":\"Praktyki - Knioch M. Sp. K w \u015arodzie Wielkopolskiej.\",\"isPartOf\":{\"@id\":\"https:\/\/knioch.pl\/en\/#website\"},\"datePublished\":\"2021-05-24T11:45:18+00:00\",\"dateModified\":\"2023-10-11T12:39:49+00:00\",\"description\":\"Sprawd\u017a aktualn\u0105 ofert\u0119 praktyk w firmie Knioch M. Sp. K w \u015arodzie Wielkopolskiej. Zbuduj swoj\u0105 karier\u0119 razem z nami!\",\"breadcrumb\":{\"@id\":\"https:\/\/knioch.pl\/en\/kariera\/praktyki\/#breadcrumb\"},\"inLanguage\":\"en-GB\",\"potentialAction\":[{\"@type\":\"ReadAction\",\"target\":[\"https:\/\/knioch.pl\/en\/kariera\/praktyki\/\"]}]},{\"@type\":\"BreadcrumbList\",\"@id\":\"https:\/\/knioch.pl\/en\/kariera\/praktyki\/#breadcrumb\",\"itemListElement\":[{\"@type\":\"ListItem\",\"position\":1,\"name\":\"Home\",\"item\":\"https:\/\/knioch.pl\/\"},{\"@type\":\"ListItem\",\"position\":2,\"name\":\"Kariera\",\"item\":\"https:\/\/knioch.pl\/kariera\/\"},{\"@type\":\"ListItem\",\"position\":3,\"name\":\"Praktyki\"}]},{\"@type\":\"WebSite\",\"@id\":\"https:\/\/knioch.pl\/en\/#website\",\"url\":\"https:\/\/knioch.pl\/en\/\",\"name\":\"Wykrawanie, obr\u00f3bka i ci\u0119cie blach, wycinanie laserowe, gi\u0119cie drutu i profili, spawanie tig i mag - Knioch\",\"description\":\"Z metalu potrafimy zrobi\u0107 wszystko! W naszych procesach wykorzystujemy obr\u00f3bk\u0119 plastyczn\u0105, wycinanie laserowe oraz ci\u0119cie, gi\u0119cie i wykrawanie blach, drut\u00f3w i profili. Specjalizujemy si\u0119 w malowaniu proszkowym oraz w spawaniu mag oraz tig.\",\"potentialAction\":[{\"@type\":\"SearchAction\",\"target\":{\"@type\":\"EntryPoint\",\"urlTemplate\":\"https:\/\/knioch.pl\/en\/?s={search_term_string}\"},\"query-input\":\"required name=search_term_string\"}],\"inLanguage\":\"en-GB\"}]}<\/script>\n<!-- \/ Yoast SEO plugin. -->","yoast_head_json":{"title":"Praktyki - Knioch M. Sp. K w \u015arodzie Wielkopolskiej.","description":"Sprawd\u017a aktualn\u0105 ofert\u0119 praktyk w firmie Knioch M. Sp. K w \u015arodzie Wielkopolskiej. Zbuduj swoj\u0105 karier\u0119 razem z nami!","robots":{"index":"index","follow":"follow","max-snippet":"max-snippet:-1","max-image-preview":"max-image-preview:large","max-video-preview":"max-video-preview:-1"},"canonical":"https:\/\/knioch.pl\/en\/kariera\/praktyki\/","og_locale":"en_GB","og_type":"article","og_title":"Praktyki - Knioch M. Sp. K w \u015arodzie Wielkopolskiej.","og_description":"Sprawd\u017a aktualn\u0105 ofert\u0119 praktyk w firmie Knioch M. Sp. K w \u015arodzie Wielkopolskiej. Zbuduj swoj\u0105 karier\u0119 razem z nami!","og_url":"https:\/\/knioch.pl\/en\/kariera\/praktyki\/","og_site_name":"Wykrawanie, obr\u00f3bka i ci\u0119cie blach, wycinanie laserowe, gi\u0119cie drutu i profili, spawanie tig i mag - Knioch","article_modified_time":"2023-10-11T12:39:49+00:00","twitter_card":"summary_large_image","twitter_misc":{"Estimated reading time":"6 minutes"},"schema":{"@context":"https:\/\/schema.org","@graph":[{"@type":"WebPage","@id":"https:\/\/knioch.pl\/en\/kariera\/praktyki\/","url":"https:\/\/knioch.pl\/en\/kariera\/praktyki\/","name":"Praktyki - Knioch M. Sp. K w \u015arodzie Wielkopolskiej.","isPartOf":{"@id":"https:\/\/knioch.pl\/en\/#website"},"datePublished":"2021-05-24T11:45:18+00:00","dateModified":"2023-10-11T12:39:49+00:00","description":"Sprawd\u017a aktualn\u0105 ofert\u0119 praktyk w firmie Knioch M. Sp. K w \u015arodzie Wielkopolskiej. Zbuduj swoj\u0105 karier\u0119 razem z nami!","breadcrumb":{"@id":"https:\/\/knioch.pl\/en\/kariera\/praktyki\/#breadcrumb"},"inLanguage":"en-GB","potentialAction":[{"@type":"ReadAction","target":["https:\/\/knioch.pl\/en\/kariera\/praktyki\/"]}]},{"@type":"BreadcrumbList","@id":"https:\/\/knioch.pl\/en\/kariera\/praktyki\/#breadcrumb","itemListElement":[{"@type":"ListItem","position":1,"name":"Home","item":"https:\/\/knioch.pl\/"},{"@type":"ListItem","position":2,"name":"Kariera","item":"https:\/\/knioch.pl\/kariera\/"},{"@type":"ListItem","position":3,"name":"Praktyki"}]},{"@type":"WebSite","@id":"https:\/\/knioch.pl\/en\/#website","url":"https:\/\/knioch.pl\/en\/","name":"Wykrawanie, obr\u00f3bka i ci\u0119cie blach, wycinanie laserowe, gi\u0119cie drutu i profili, spawanie tig i mag - Knioch","description":"Z metalu potrafimy zrobi\u0107 wszystko! W naszych procesach wykorzystujemy obr\u00f3bk\u0119 plastyczn\u0105, wycinanie laserowe oraz ci\u0119cie, gi\u0119cie i wykrawanie blach, drut\u00f3w i profili. Specjalizujemy si\u0119 w malowaniu proszkowym oraz w spawaniu mag oraz tig.","potentialAction":[{"@type":"SearchAction","target":{"@type":"EntryPoint","urlTemplate":"https:\/\/knioch.pl\/en\/?s={search_term_string}"},"query-input":"required name=search_term_string"}],"inLanguage":"en-GB"}]}},"_links":{"self":[{"href":"https:\/\/knioch.pl\/en\/wp-json\/wp\/v2\/pages\/4466"}],"collection":[{"href":"https:\/\/knioch.pl\/en\/wp-json\/wp\/v2\/pages"}],"about":[{"href":"https:\/\/knioch.pl\/en\/wp-json\/wp\/v2\/types\/page"}],"author":[{"embeddable":true,"href":"https:\/\/knioch.pl\/en\/wp-json\/wp\/v2\/users\/3"}],"replies":[{"embeddable":true,"href":"https:\/\/knioch.pl\/en\/wp-json\/wp\/v2\/comments?post=4466"}],"version-history":[{"count":58,"href":"https:\/\/knioch.pl\/en\/wp-json\/wp\/v2\/pages\/4466\/revisions"}],"predecessor-version":[{"id":6151,"href":"https:\/\/knioch.pl\/en\/wp-json\/wp\/v2\/pages\/4466\/revisions\/6151"}],"up":[{"embeddable":true,"href":"https:\/\/knioch.pl\/en\/wp-json\/wp\/v2\/pages\/3773"}],"wp:attachment":[{"href":"https:\/\/knioch.pl\/en\/wp-json\/wp\/v2\/media?parent=4466"}],"curies":[{"name":"wp","href":"https:\/\/api.w.org\/{rel}","templated":true}]}}