{"id":4445,"date":"2021-05-24T11:24:17","date_gmt":"2021-05-24T11:24:17","guid":{"rendered":"https:\/\/knioch5.devdesign.pl\/?page_id=4445"},"modified":"2023-10-11T12:32:27","modified_gmt":"2023-10-11T12:32:27","slug":"sponsoring","status":"publish","type":"page","link":"https:\/\/knioch.pl\/en\/firma\/sponsoring\/","title":{"rendered":"Sponsoring"},"content":{"rendered":"<p><div class=\"fusion-fullwidth fullwidth-box fusion-builder-row-1 fusion-flex-container nonhundred-percent-fullwidth non-hundred-percent-height-scrolling\" style=\"background-color: rgba(255,255,255,0);background-position: center center;background-repeat: no-repeat;border-width: 0px 0px 0px 0px;border-color:rgba(0,0,0,0.08);border-style:solid;\" ><div class=\"fusion-builder-row fusion-row fusion-flex-align-items-flex-start\" style=\"max-width:1372.8px;margin-left: calc(-4% \/ 2 );margin-right: calc(-4% \/ 2 );\"><div class=\"fusion-layout-column fusion_builder_column fusion-builder-column-0 fusion_builder_column_1_1 1_1 fusion-flex-column\"><div class=\"fusion-column-wrapper fusion-flex-justify-content-flex-start fusion-content-layout-column\" style=\"background-position:left top;background-repeat:no-repeat;-webkit-background-size:cover;-moz-background-size:cover;-o-background-size:cover;background-size:cover;padding: 0px 0px 0px 0px;\">\n<div class=\"fusion-slider-revolution rev_slider_wrapper\">\t\t\t<!-- START SPONSORING REVOLUTION SLIDER 6.6.8 --><p class=\"rs-p-wp-fix\"><\/p>\n\t\t\t<rs-module-wrap id=\"rev_slider_7_1_wrapper\" data-source=\"gallery\" style=\"visibility:hidden;background:transparent;padding:0;margin:0px auto;margin-top:0;margin-bottom:0;\">\n\t\t\t\t<rs-module id=\"rev_slider_7_1\" style=\"\" data-version=\"6.6.8\">\n\t\t\t\t\t<rs-slides style=\"overflow: hidden; position: absolute;\">\n\t\t\t\t\t\t<rs-slide style=\"position: absolute;\" data-key=\"rs-7\" data-title=\"Slide\" data-anim=\"adpr:false;\" data-in=\"o:0;\" data-out=\"a:false;\">\n\t\t\t\t\t\t\t<img decoding=\"async\" src=\"\/\/knioch.pl\/wp-content\/plugins\/revslider\/public\/assets\/assets\/dummy.png\" alt=\"\" title=\"knioch_compress_1.jpeg\" width=\"1920\" height=\"1080\" class=\"rev-slidebg tp-rs-img rs-lazyload\" data-lazyload=\"\/\/knioch.pl\/wp-content\/uploads\/revslider\/video-media\/knioch_compress_1.jpeg\" data-parallax=\"off\" data-no-retina>\n\t\t\t\t\t\t\t<rs-bgvideo \n\t\t\t\t\t\t\t\tdata-video=\"w:100%;h:100%;sta:00:25;nse:false;rwd:false;l:true;ptimer:false;vfc:true;\"\n\t\t\t\t\t\t\t\tdata-mp4=\"\/\/knioch.pl\/wp-content\/uploads\/2023\/02\/Nowy-projekt2.mp4\"\n\t\t\t\t\t\t\t><\/rs-bgvideo>\n<!--\n\t\t\t\t\t\t\t--><rs-layer\n\t\t\t\t\t\t\t\tid=\"slider-7-slide-7-layer-0\" \n\t\t\t\t\t\t\t\tdata-type=\"text\"\n\t\t\t\t\t\t\t\tdata-tsh=\"h:2px,2px,2px,0px;v:2px,2px,2px,0px;b:2px,2px,2px,0px;\"\n\t\t\t\t\t\t\t\tdata-rsp_ch=\"on\"\n\t\t\t\t\t\t\t\tdata-xy=\"x:c;y:m;\"\n\t\t\t\t\t\t\t\tdata-text=\"w:normal;s:60,60,60,42;l:25,25,25,9;fw:300;a:center;\"\n\t\t\t\t\t\t\t\tdata-border=\"bos:solid;bow:0,0,2px,0;\"\n\t\t\t\t\t\t\t\tdata-frame_999=\"o:0;st:w;\"\n\t\t\t\t\t\t\t\tstyle=\"z-index:8;font-family:'Lato';text-transform:uppercase;\"\n\t\t\t\t\t\t\t>Sponsoring \n\t\t\t\t\t\t\t<\/rs-layer><!--\n-->\t\t\t\t\t\t<\/rs-slide>\n\t\t\t\t\t<\/rs-slides>\n\t\t\t\t<\/rs-module>\n\t\t\t\t<script>\n\t\t\t\t\tsetREVStartSize({c: 'rev_slider_7_1',rl:[1240,1240,1240,480],el:[420,420,420,320],gw:[1240,1240,1240,480],gh:[420,420,420,320],type:'standard',justify:'',layout:'fullwidth',mh:\"0\"});if (window.RS_MODULES!==undefined && window.RS_MODULES.modules!==undefined && window.RS_MODULES.modules[\"revslider71\"]!==undefined) {window.RS_MODULES.modules[\"revslider71\"].once = false;window.revapi7 = undefined;if (window.RS_MODULES.checkMinimal!==undefined) window.RS_MODULES.checkMinimal()}\n\t\t\t\t<\/script>\n\t\t\t<\/rs-module-wrap>\n\t\t\t<!-- END REVOLUTION SLIDER -->\n<\/div><\/div><style type=\"text\/css\">.fusion-body .fusion-builder-column-0{width:100% !important;margin-top : 20px;margin-bottom : 20px;}.fusion-builder-column-0 > .fusion-column-wrapper {padding-top : 0px !important;padding-right : 0px !important;margin-right : 1.92%;padding-bottom : 0px !important;padding-left : 0px !important;margin-left : 1.92%;}@media only screen and (max-width:1024px) {.fusion-body .fusion-builder-column-0{width:100% !important;order : 0;}.fusion-builder-column-0 > .fusion-column-wrapper {margin-right : 1.92%;margin-left : 1.92%;}}@media only screen and (max-width:640px) {.fusion-body .fusion-builder-column-0{width:100% !important;order : 0;}.fusion-builder-column-0 > .fusion-column-wrapper {margin-right : 1.92%;margin-left : 1.92%;}}<\/style><\/div><\/div><style type=\"text\/css\">.fusion-body .fusion-flex-container.fusion-builder-row-1{ padding-top : 0px;margin-top : -22px;padding-right : 0px;padding-bottom : 0px;margin-bottom : 0;padding-left : 0px;}<\/style><\/div><div class=\"fusion-fullwidth fullwidth-box fusion-builder-row-2 fusion-flex-container nonhundred-percent-fullwidth non-hundred-percent-height-scrolling\" style=\"background-color: rgba(255,255,255,0);background-image:linear-gradient(180deg, rgba(255,255,255,0) 65%,#f4f4f6 65%);background-position: center center;background-repeat: no-repeat;border-width: 0px 0px 0px 0px;border-color:rgba(0,0,0,0.08);border-style:solid;\" ><div class=\"fusion-builder-row fusion-row fusion-flex-align-items-stretch fusion-flex-justify-content-center\" style=\"max-width:1372.8px;margin-left: calc(-4% \/ 2 );margin-right: calc(-4% \/ 2 );\"><div class=\"fusion-layout-column fusion_builder_column fusion-builder-column-1 fusion_builder_column_1_1 1_1 fusion-flex-column fusion-animated\" data-animationtype=\"fadeInDown\" data-animationduration=\"1.6\" data-animationoffset=\"100%\"><div class=\"fusion-column-wrapper fusion-column-has-shadow fusion-flex-justify-content-flex-start fusion-content-layout-column\" style=\"background-position:left top;background-repeat:no-repeat;-webkit-background-size:cover;-moz-background-size:cover;-o-background-size:cover;background-size:cover;border-radius:12px 12px 12px 12px;background-color:#ffffff;border-width: 0 1px 1px 1px;border-color:rgba(0,0,0,0.05);border-style:solid;border-radius:12px 12px 12px 12px;overflow:hidden;box-shadow:0px 12px 32px -10px rgba(0,0,0,0.1);;padding: 40px 40px 40px 40px;\"><div class=\"fusion-text fusion-text-1\"><p style=\"text-align: justify;\" class=\" translation-block\"><strong>KNIOCH<\/strong> provides sponsorship support. We actively support sports clubs whose members achieve\nconsiderable success in the local, national and international arena. We are proud of our partners who present the highest level of sport at such a young age. Do you want to implement development plans for your club or sports section? Do you need a sponsor with whom you can spread your wings and get to a higher level? With KNIOCH you can gain even more! Contact us and see what we can offer you. A powerful sponsor is the key to further success. Together with KNIOCH you can create something\nhitherto unattainable!<\/p>\n<\/div><div class=\"fusion-builder-row fusion-builder-row-inner fusion-row fusion-flex-align-items-stretch fusion-flex-justify-content-center\" style=\"width:104% !important;max-width:104% !important;margin-left: calc(-4% \/ 2 );margin-right: calc(-4% \/ 2 );\"><div class=\"fusion-layout-column fusion_builder_column_inner fusion-builder-nested-column-0 fusion_builder_column_inner_1_4 1_4 fusion-flex-column\"><div class=\"fusion-column-wrapper fusion-flex-justify-content-flex-start fusion-content-layout-column\" style=\"background-position:left top;background-repeat:no-repeat;-webkit-background-size:cover;-moz-background-size:cover;-o-background-size:cover;background-size:cover;padding: 0px 0px 0px 0px;\"><div ><span class=\"fusion-imageframe imageframe-none imageframe-1 hover-type-none\" style=\"border-radius:8px;\"><img decoding=\"async\" width=\"820\" height=\"820\" title=\"logo-ulks-tecza\" src=\"https:\/\/knioch.pl\/wp-content\/uploads\/2021\/06\/logo-ulks-tecza.png\" data-orig-src=\"https:\/\/knioch.pl\/wp-content\/uploads\/2021\/06\/logo-ulks-tecza.png\" class=\"lazyload img-responsive wp-image-4634\" srcset=\"data:image\/svg+xml,%3Csvg%20xmlns%3D%27http%3A%2F%2Fwww.w3.org%2F2000%2Fsvg%27%20width%3D%27820%27%20height%3D%27820%27%20viewBox%3D%270%200%20820%20820%27%3E%3Crect%20width%3D%27820%27%20height%3D%27820%27%20fill-opacity%3D%220%22%2F%3E%3C%2Fsvg%3E\" data-srcset=\"https:\/\/knioch.pl\/wp-content\/uploads\/2021\/06\/logo-ulks-tecza-200x200.png 200w, https:\/\/knioch.pl\/wp-content\/uploads\/2021\/06\/logo-ulks-tecza-400x400.png 400w, https:\/\/knioch.pl\/wp-content\/uploads\/2021\/06\/logo-ulks-tecza-600x600.png 600w, https:\/\/knioch.pl\/wp-content\/uploads\/2021\/06\/logo-ulks-tecza-800x800.png 800w, https:\/\/knioch.pl\/wp-content\/uploads\/2021\/06\/logo-ulks-tecza.png 820w\" data-sizes=\"auto\" data-orig-sizes=\"(max-width: 640px) 100vw, 400px\" \/><\/span><\/div><\/div><style type=\"text\/css\">.fusion-body .fusion-builder-nested-column-0{width:25% !important;margin-top : 20px;margin-bottom : 20px;}.fusion-builder-nested-column-0 > .fusion-column-wrapper {padding-top : 0px !important;padding-right : 0px !important;margin-right : 7.68%;padding-bottom : 0px !important;padding-left : 0px !important;margin-left : 7.68%;}@media only screen and (max-width:1024px) {.fusion-body .fusion-builder-nested-column-0{width:25% !important;order : 0;}.fusion-builder-nested-column-0 > .fusion-column-wrapper {margin-right : 7.68%;margin-left : 7.68%;}}@media only screen and (max-width:640px) {.fusion-body .fusion-builder-nested-column-0{width:100% !important;order : 0;}.fusion-builder-nested-column-0 > .fusion-column-wrapper {margin-right : 1.92%;margin-left : 1.92%;}}<\/style><\/div><div class=\"fusion-layout-column fusion_builder_column_inner fusion-builder-nested-column-1 fusion_builder_column_inner_3_4 3_4 fusion-flex-column\"><div class=\"fusion-column-wrapper fusion-flex-justify-content-flex-start fusion-content-layout-column\" style=\"background-position:left top;background-repeat:no-repeat;-webkit-background-size:cover;-moz-background-size:cover;-o-background-size:cover;background-size:cover;padding: 0px 0px 0px 0px;\"><div class=\"fusion-text fusion-text-2\"><p style=\"text-align: justify;\">For 35 years, ULKS \"T\u0119cza\" \u015aroda Wielkopolska has been training children and young people living in the \u015aroda Wielkopolska commune. The club conducts classes and training in wrestling for over 60 competitors in five age groups: children, youngsters, cadets, juniors and youths\/seniors, for both girls and boys. In this respect, it is the largest combat sports club operating in the \u015aroda Wielkopolska\nMunicipality.<\/p>\n<\/div><\/div><style type=\"text\/css\">.fusion-body .fusion-builder-nested-column-1{width:75% !important;margin-top : 20px;margin-bottom : 20px;}.fusion-builder-nested-column-1 > .fusion-column-wrapper {padding-top : 0px !important;padding-right : 0px !important;margin-right : 2.56%;padding-bottom : 0px !important;padding-left : 0px !important;margin-left : 2.56%;}@media only screen and (max-width:1024px) {.fusion-body .fusion-builder-nested-column-1{width:75% !important;order : 0;}.fusion-builder-nested-column-1 > .fusion-column-wrapper {margin-right : 2.56%;margin-left : 2.56%;}}@media only screen and (max-width:640px) {.fusion-body .fusion-builder-nested-column-1{width:100% !important;order : 0;}.fusion-builder-nested-column-1 > .fusion-column-wrapper {margin-right : 1.92%;margin-left : 1.92%;}}<\/style><\/div><div class=\"fusion-layout-column fusion_builder_column_inner fusion-builder-nested-column-2 fusion_builder_column_inner_1_4 1_4 fusion-flex-column\"><div class=\"fusion-column-wrapper fusion-flex-justify-content-flex-start fusion-content-layout-column\" style=\"background-position:left top;background-repeat:no-repeat;-webkit-background-size:cover;-moz-background-size:cover;-o-background-size:cover;background-size:cover;padding: 0px 0px 0px 0px;\"><div ><span class=\"fusion-imageframe imageframe-none imageframe-2 hover-type-none\" style=\"border-radius:8px;\"><img decoding=\"async\" width=\"1024\" height=\"808\" title=\"KPR &#8211; logo\" src=\"https:\/\/knioch.pl\/wp-content\/uploads\/2023\/02\/KPR-logo.jpg\" data-orig-src=\"https:\/\/knioch.pl\/wp-content\/uploads\/2023\/02\/KPR-logo-1024x808.jpg\" class=\"lazyload img-responsive wp-image-6000\" srcset=\"data:image\/svg+xml,%3Csvg%20xmlns%3D%27http%3A%2F%2Fwww.w3.org%2F2000%2Fsvg%27%20width%3D%271775%27%20height%3D%271400%27%20viewBox%3D%270%200%201775%201400%27%3E%3Crect%20width%3D%271775%27%20height%3D%271400%27%20fill-opacity%3D%220%22%2F%3E%3C%2Fsvg%3E\" data-srcset=\"https:\/\/knioch.pl\/wp-content\/uploads\/2023\/02\/KPR-logo-200x158.jpg 200w, https:\/\/knioch.pl\/wp-content\/uploads\/2023\/02\/KPR-logo-400x315.jpg 400w, https:\/\/knioch.pl\/wp-content\/uploads\/2023\/02\/KPR-logo-600x473.jpg 600w, https:\/\/knioch.pl\/wp-content\/uploads\/2023\/02\/KPR-logo-800x631.jpg 800w, https:\/\/knioch.pl\/wp-content\/uploads\/2023\/02\/KPR-logo-1200x946.jpg 1200w, https:\/\/knioch.pl\/wp-content\/uploads\/2023\/02\/KPR-logo.jpg 1775w\" data-sizes=\"auto\" data-orig-sizes=\"(max-width: 640px) 100vw, 400px\" \/><\/span><\/div><\/div><style type=\"text\/css\">.fusion-body .fusion-builder-nested-column-2{width:25% !important;margin-top : 20px;margin-bottom : 20px;}.fusion-builder-nested-column-2 > .fusion-column-wrapper {padding-top : 0px !important;padding-right : 0px !important;margin-right : 7.68%;padding-bottom : 0px !important;padding-left : 0px !important;margin-left : 7.68%;}@media only screen and (max-width:1024px) {.fusion-body .fusion-builder-nested-column-2{width:25% !important;order : 0;}.fusion-builder-nested-column-2 > .fusion-column-wrapper {margin-right : 7.68%;margin-left : 7.68%;}}@media only screen and (max-width:640px) {.fusion-body .fusion-builder-nested-column-2{width:100% !important;order : 0;}.fusion-builder-nested-column-2 > .fusion-column-wrapper {margin-right : 1.92%;margin-left : 1.92%;}}<\/style><\/div><div class=\"fusion-layout-column fusion_builder_column_inner fusion-builder-nested-column-3 fusion_builder_column_inner_3_4 3_4 fusion-flex-column\"><div class=\"fusion-column-wrapper fusion-flex-justify-content-flex-start fusion-content-layout-column\" style=\"background-position:left top;background-repeat:no-repeat;-webkit-background-size:cover;-moz-background-size:cover;-o-background-size:cover;background-size:cover;padding: 0px 0px 0px 0px;\"><div class=\"fusion-text fusion-text-3\"><p>The \u015aroda Wielkopolska Handball Club began its activities in June 2022, as a continuation of a section that had been active in our city for several decades. The club runs dedicated classes for children, young people and adults, taking care of the proper psychophysical development of participants. Conducted by a qualified coaching staff, the training sessions are aimed at improving health, fitness, as well as self-discipline and regularity. We focus on having fun, especially with the youngest participants.<\/p>\n<\/div><\/div><style type=\"text\/css\">.fusion-body .fusion-builder-nested-column-3{width:75% !important;margin-top : 20px;margin-bottom : 20px;}.fusion-builder-nested-column-3 > .fusion-column-wrapper {padding-top : 0px !important;padding-right : 0px !important;margin-right : 2.56%;padding-bottom : 0px !important;padding-left : 0px !important;margin-left : 2.56%;}@media only screen and (max-width:1024px) {.fusion-body .fusion-builder-nested-column-3{width:75% !important;order : 0;}.fusion-builder-nested-column-3 > .fusion-column-wrapper {margin-right : 2.56%;margin-left : 2.56%;}}@media only screen and (max-width:640px) {.fusion-body .fusion-builder-nested-column-3{width:100% !important;order : 0;}.fusion-builder-nested-column-3 > .fusion-column-wrapper {margin-right : 1.92%;margin-left : 1.92%;}}<\/style><\/div><\/div><\/div><style type=\"text\/css\">.fusion-body .fusion-builder-column-1{width:100% !important;margin-top : 20px;margin-bottom : 20px;}.fusion-builder-column-1 > .fusion-column-wrapper {padding-top : 40px !important;padding-right : 40px !important;margin-right : 1.92%;padding-bottom : 40px !important;padding-left : 40px !important;margin-left : 1.92%;}@media only screen and (max-width:1024px) {.fusion-body .fusion-builder-column-1{width:100% !important;order : 0;}.fusion-builder-column-1 > .fusion-column-wrapper {padding-top : 20px !important;padding-right : 20px !important;margin-right : 1.92%;padding-bottom : 30px !important;padding-left : 20px !important;margin-left : 1.92%;}}@media only screen and (max-width:640px) {.fusion-body .fusion-builder-column-1{width:100% !important;order : 0;}.fusion-builder-column-1 > .fusion-column-wrapper {margin-right : 1.92%;margin-left : 1.92%;}}<\/style><style type=\"text\/css\">.fusion-builder-column-1{filter: opacity(93%);transition: filter 0.3s ease;}.fusion-builder-column-1:hover{filter: opacity(100%);}<\/style><\/div><\/div><style type=\"text\/css\">.fusion-body .fusion-flex-container.fusion-builder-row-2{ padding-top : 1%;margin-top : 0px;padding-right : 0px;padding-bottom : 60px;margin-bottom : 0px;padding-left : 0px;}@media only screen and (max-width:1024px) {.fusion-body .fusion-flex-container.fusion-builder-row-2{ padding-bottom : 40px;}}@media only screen and (max-width:640px) {.fusion-body .fusion-flex-container.fusion-builder-row-2{ padding-top : 40px;padding-bottom : 40px;}}<\/style><\/div><\/p>","protected":false},"excerpt":{"rendered":"","protected":false},"author":3,"featured_media":0,"parent":20,"menu_order":0,"comment_status":"closed","ping_status":"closed","template":"100-width.php","meta":{"footnotes":""},"yoast_head":"<!-- This site is optimized with the Yoast SEO plugin v21.5 - https:\/\/yoast.com\/wordpress\/plugins\/seo\/ -->\n<title>Sponsoring - Wykrawanie, obr\u00f3bka i ci\u0119cie blach, wycinanie laserowe, gi\u0119cie drutu i profili, spawanie tig i mag - Knioch<\/title>\n<meta name=\"robots\" content=\"noindex, follow\" \/>\n<meta property=\"og:locale\" content=\"en_GB\" \/>\n<meta property=\"og:type\" content=\"article\" \/>\n<meta property=\"og:title\" content=\"Sponsoring - Wykrawanie, obr\u00f3bka i ci\u0119cie blach, wycinanie laserowe, gi\u0119cie drutu i profili, spawanie tig i mag - Knioch\" \/>\n<meta property=\"og:url\" content=\"https:\/\/knioch.pl\/en\/firma\/sponsoring\/\" \/>\n<meta property=\"og:site_name\" content=\"Wykrawanie, obr\u00f3bka i ci\u0119cie blach, wycinanie laserowe, gi\u0119cie drutu i profili, spawanie tig i mag - Knioch\" \/>\n<meta property=\"article:modified_time\" content=\"2023-10-11T12:32:27+00:00\" \/>\n<meta name=\"twitter:card\" content=\"summary_large_image\" \/>\n<meta name=\"twitter:label1\" content=\"Estimated reading time\" \/>\n\t<meta name=\"twitter:data1\" content=\"7 minutes\" \/>\n<script type=\"application\/ld+json\" class=\"yoast-schema-graph\">{\"@context\":\"https:\/\/schema.org\",\"@graph\":[{\"@type\":\"WebPage\",\"@id\":\"https:\/\/knioch.pl\/en\/firma\/sponsoring\/\",\"url\":\"https:\/\/knioch.pl\/en\/firma\/sponsoring\/\",\"name\":\"Sponsoring - Wykrawanie, obr\u00f3bka i ci\u0119cie blach, wycinanie laserowe, gi\u0119cie drutu i profili, spawanie tig i mag - Knioch\",\"isPartOf\":{\"@id\":\"https:\/\/knioch.pl\/en\/#website\"},\"datePublished\":\"2021-05-24T11:24:17+00:00\",\"dateModified\":\"2023-10-11T12:32:27+00:00\",\"breadcrumb\":{\"@id\":\"https:\/\/knioch.pl\/en\/firma\/sponsoring\/#breadcrumb\"},\"inLanguage\":\"en-GB\",\"potentialAction\":[{\"@type\":\"ReadAction\",\"target\":[\"https:\/\/knioch.pl\/en\/firma\/sponsoring\/\"]}]},{\"@type\":\"BreadcrumbList\",\"@id\":\"https:\/\/knioch.pl\/en\/firma\/sponsoring\/#breadcrumb\",\"itemListElement\":[{\"@type\":\"ListItem\",\"position\":1,\"name\":\"Home\",\"item\":\"https:\/\/knioch.pl\/\"},{\"@type\":\"ListItem\",\"position\":2,\"name\":\"Firma\",\"item\":\"https:\/\/knioch.pl\/firma\/\"},{\"@type\":\"ListItem\",\"position\":3,\"name\":\"Sponsoring\"}]},{\"@type\":\"WebSite\",\"@id\":\"https:\/\/knioch.pl\/en\/#website\",\"url\":\"https:\/\/knioch.pl\/en\/\",\"name\":\"Wykrawanie, obr\u00f3bka i ci\u0119cie blach, wycinanie laserowe, gi\u0119cie drutu i profili, spawanie tig i mag - Knioch\",\"description\":\"Z metalu potrafimy zrobi\u0107 wszystko! W naszych procesach wykorzystujemy obr\u00f3bk\u0119 plastyczn\u0105, wycinanie laserowe oraz ci\u0119cie, gi\u0119cie i wykrawanie blach, drut\u00f3w i profili. Specjalizujemy si\u0119 w malowaniu proszkowym oraz w spawaniu mag oraz tig.\",\"potentialAction\":[{\"@type\":\"SearchAction\",\"target\":{\"@type\":\"EntryPoint\",\"urlTemplate\":\"https:\/\/knioch.pl\/en\/?s={search_term_string}\"},\"query-input\":\"required name=search_term_string\"}],\"inLanguage\":\"en-GB\"}]}<\/script>\n<!-- \/ Yoast SEO plugin. -->","yoast_head_json":{"title":"Sponsoring - Wykrawanie, obr\u00f3bka i ci\u0119cie blach, wycinanie laserowe, gi\u0119cie drutu i profili, spawanie tig i mag - Knioch","robots":{"index":"noindex","follow":"follow"},"og_locale":"en_GB","og_type":"article","og_title":"Sponsoring - Wykrawanie, obr\u00f3bka i ci\u0119cie blach, wycinanie laserowe, gi\u0119cie drutu i profili, spawanie tig i mag - Knioch","og_url":"https:\/\/knioch.pl\/en\/firma\/sponsoring\/","og_site_name":"Wykrawanie, obr\u00f3bka i ci\u0119cie blach, wycinanie laserowe, gi\u0119cie drutu i profili, spawanie tig i mag - Knioch","article_modified_time":"2023-10-11T12:32:27+00:00","twitter_card":"summary_large_image","twitter_misc":{"Estimated reading time":"7 minutes"},"schema":{"@context":"https:\/\/schema.org","@graph":[{"@type":"WebPage","@id":"https:\/\/knioch.pl\/en\/firma\/sponsoring\/","url":"https:\/\/knioch.pl\/en\/firma\/sponsoring\/","name":"Sponsoring - Wykrawanie, obr\u00f3bka i ci\u0119cie blach, wycinanie laserowe, gi\u0119cie drutu i profili, spawanie tig i mag - Knioch","isPartOf":{"@id":"https:\/\/knioch.pl\/en\/#website"},"datePublished":"2021-05-24T11:24:17+00:00","dateModified":"2023-10-11T12:32:27+00:00","breadcrumb":{"@id":"https:\/\/knioch.pl\/en\/firma\/sponsoring\/#breadcrumb"},"inLanguage":"en-GB","potentialAction":[{"@type":"ReadAction","target":["https:\/\/knioch.pl\/en\/firma\/sponsoring\/"]}]},{"@type":"BreadcrumbList","@id":"https:\/\/knioch.pl\/en\/firma\/sponsoring\/#breadcrumb","itemListElement":[{"@type":"ListItem","position":1,"name":"Home","item":"https:\/\/knioch.pl\/"},{"@type":"ListItem","position":2,"name":"Firma","item":"https:\/\/knioch.pl\/firma\/"},{"@type":"ListItem","position":3,"name":"Sponsoring"}]},{"@type":"WebSite","@id":"https:\/\/knioch.pl\/en\/#website","url":"https:\/\/knioch.pl\/en\/","name":"Wykrawanie, obr\u00f3bka i ci\u0119cie blach, wycinanie laserowe, gi\u0119cie drutu i profili, spawanie tig i mag - Knioch","description":"Z metalu potrafimy zrobi\u0107 wszystko! W naszych procesach wykorzystujemy obr\u00f3bk\u0119 plastyczn\u0105, wycinanie laserowe oraz ci\u0119cie, gi\u0119cie i wykrawanie blach, drut\u00f3w i profili. Specjalizujemy si\u0119 w malowaniu proszkowym oraz w spawaniu mag oraz tig.","potentialAction":[{"@type":"SearchAction","target":{"@type":"EntryPoint","urlTemplate":"https:\/\/knioch.pl\/en\/?s={search_term_string}"},"query-input":"required name=search_term_string"}],"inLanguage":"en-GB"}]}},"_links":{"self":[{"href":"https:\/\/knioch.pl\/en\/wp-json\/wp\/v2\/pages\/4445"}],"collection":[{"href":"https:\/\/knioch.pl\/en\/wp-json\/wp\/v2\/pages"}],"about":[{"href":"https:\/\/knioch.pl\/en\/wp-json\/wp\/v2\/types\/page"}],"author":[{"embeddable":true,"href":"https:\/\/knioch.pl\/en\/wp-json\/wp\/v2\/users\/3"}],"replies":[{"embeddable":true,"href":"https:\/\/knioch.pl\/en\/wp-json\/wp\/v2\/comments?post=4445"}],"version-history":[{"count":84,"href":"https:\/\/knioch.pl\/en\/wp-json\/wp\/v2\/pages\/4445\/revisions"}],"predecessor-version":[{"id":6001,"href":"https:\/\/knioch.pl\/en\/wp-json\/wp\/v2\/pages\/4445\/revisions\/6001"}],"up":[{"embeddable":true,"href":"https:\/\/knioch.pl\/en\/wp-json\/wp\/v2\/pages\/20"}],"wp:attachment":[{"href":"https:\/\/knioch.pl\/en\/wp-json\/wp\/v2\/media?parent=4445"}],"curies":[{"name":"wp","href":"https:\/\/api.w.org\/{rel}","templated":true}]}}