{"id":3773,"date":"2020-10-28T07:24:06","date_gmt":"2020-10-28T07:24:06","guid":{"rendered":"https:\/\/knioch.devdesign.pl\/?page_id=3773"},"modified":"2023-10-11T12:50:57","modified_gmt":"2023-10-11T12:50:57","slug":"kariera","status":"publish","type":"page","link":"https:\/\/knioch.pl\/en\/kariera\/","title":{"rendered":"Career"},"content":{"rendered":"<p><div class=\"fusion-fullwidth fullwidth-box fusion-builder-row-1 fusion-flex-container nonhundred-percent-fullwidth non-hundred-percent-height-scrolling\" style=\"background-color: rgba(255,255,255,0);background-position: center center;background-repeat: no-repeat;border-width: 0px 0px 0px 0px;border-color:rgba(0,0,0,0.08);border-style:solid;\" ><div class=\"fusion-builder-row fusion-row fusion-flex-align-items-flex-start\" style=\"max-width:1372.8px;margin-left: calc(-4% \/ 2 );margin-right: calc(-4% \/ 2 );\"><div class=\"fusion-layout-column fusion_builder_column fusion-builder-column-0 fusion_builder_column_1_1 1_1 fusion-flex-column\"><div class=\"fusion-column-wrapper fusion-flex-justify-content-flex-start fusion-content-layout-column\" style=\"background-position:left top;background-repeat:no-repeat;-webkit-background-size:cover;-moz-background-size:cover;-o-background-size:cover;background-size:cover;padding: 0px 0px 0px 0px;\">\n<div class=\"fusion-slider-revolution rev_slider_wrapper\">\t\t\t<!-- START KARIERA REVOLUTION SLIDER 6.6.8 --><p class=\"rs-p-wp-fix\"><\/p>\n\t\t\t<rs-module-wrap id=\"rev_slider_14_1_wrapper\" data-source=\"gallery\" style=\"visibility:hidden;background:transparent;padding:0;margin:0px auto;margin-top:0;margin-bottom:0;\">\n\t\t\t\t<rs-module id=\"rev_slider_14_1\" style=\"\" data-version=\"6.6.8\">\n\t\t\t\t\t<rs-slides style=\"overflow: hidden; position: absolute;\">\n\t\t\t\t\t\t<rs-slide style=\"position: absolute;\" data-key=\"rs-14\" data-title=\"Slide\" data-anim=\"adpr:false;\" data-in=\"o:0;\" data-out=\"a:false;\">\n\t\t\t\t\t\t\t<img decoding=\"async\" src=\"\/\/knioch.pl\/wp-content\/plugins\/revslider\/public\/assets\/assets\/dummy.png\" alt=\"\" title=\"knioch_compress_1.jpeg\" width=\"1920\" height=\"1080\" class=\"rev-slidebg tp-rs-img rs-lazyload\" data-lazyload=\"\/\/knioch.pl\/wp-content\/uploads\/revslider\/video-media\/knioch_compress_1.jpeg\" data-parallax=\"off\" data-no-retina>\n\t\t\t\t\t\t\t<rs-bgvideo \n\t\t\t\t\t\t\t\tdata-video=\"w:100%;h:100%;sta:00:45;nse:false;rwd:false;l:true;ptimer:false;vfc:true;\"\n\t\t\t\t\t\t\t\tdata-mp4=\"\/\/knioch.pl\/wp-content\/uploads\/2023\/02\/Nowy-projekt2.mp4\"\n\t\t\t\t\t\t\t><\/rs-bgvideo>\n<!--\n\t\t\t\t\t\t\t--><rs-layer\n\t\t\t\t\t\t\t\tid=\"slider-14-slide-14-layer-0\" \n\t\t\t\t\t\t\t\tdata-type=\"text\"\n\t\t\t\t\t\t\t\tdata-tsh=\"h:2px,2px,2px,0px;v:2px,2px,2px,0px;b:2px,2px,2px,0px;\"\n\t\t\t\t\t\t\t\tdata-rsp_ch=\"on\"\n\t\t\t\t\t\t\t\tdata-xy=\"x:c;y:m;\"\n\t\t\t\t\t\t\t\tdata-text=\"w:normal;s:60,60,60,42;l:25,25,25,9;fw:300;a:center;\"\n\t\t\t\t\t\t\t\tdata-border=\"bos:solid;bow:0,0,2px,0;\"\n\t\t\t\t\t\t\t\tdata-frame_999=\"o:0;st:w;\"\n\t\t\t\t\t\t\t\tstyle=\"z-index:8;font-family:'Lato';text-transform:uppercase;\"\n\t\t\t\t\t\t\t>kARIERA \n\t\t\t\t\t\t\t<\/rs-layer><!--\n-->\t\t\t\t\t\t<\/rs-slide>\n\t\t\t\t\t<\/rs-slides>\n\t\t\t\t<\/rs-module>\n\t\t\t\t<script>\n\t\t\t\t\tsetREVStartSize({c: 'rev_slider_14_1',rl:[1240,1240,1240,480],el:[420,420,420,320],gw:[1240,1240,1240,480],gh:[420,420,420,320],type:'standard',justify:'',layout:'fullwidth',mh:\"0\"});if (window.RS_MODULES!==undefined && window.RS_MODULES.modules!==undefined && window.RS_MODULES.modules[\"revslider141\"]!==undefined) {window.RS_MODULES.modules[\"revslider141\"].once = false;window.revapi14 = undefined;if (window.RS_MODULES.checkMinimal!==undefined) window.RS_MODULES.checkMinimal()}\n\t\t\t\t<\/script>\n\t\t\t<\/rs-module-wrap>\n\t\t\t<!-- END REVOLUTION SLIDER -->\n<\/div><\/div><style type=\"text\/css\">.fusion-body .fusion-builder-column-0{width:100% !important;margin-top : 20px;margin-bottom : 20px;}.fusion-builder-column-0 > .fusion-column-wrapper {padding-top : 0px !important;padding-right : 0px !important;margin-right : 1.92%;padding-bottom : 0px !important;padding-left : 0px !important;margin-left : 1.92%;}@media only screen and (max-width:1024px) {.fusion-body .fusion-builder-column-0{width:100% !important;order : 0;}.fusion-builder-column-0 > .fusion-column-wrapper {margin-right : 1.92%;margin-left : 1.92%;}}@media only screen and (max-width:640px) {.fusion-body .fusion-builder-column-0{width:100% !important;order : 0;}.fusion-builder-column-0 > .fusion-column-wrapper {margin-right : 1.92%;margin-left : 1.92%;}}<\/style><\/div><\/div><style type=\"text\/css\">.fusion-body .fusion-flex-container.fusion-builder-row-1{ padding-top : 0px;margin-top : -22px;padding-right : 0px;padding-bottom : 0px;margin-bottom : 0;padding-left : 0px;}<\/style><\/div><div class=\"fusion-fullwidth fullwidth-box fusion-builder-row-2 fusion-flex-container nonhundred-percent-fullwidth non-hundred-percent-height-scrolling\" style=\"background-color: rgba(255,255,255,0);background-image:linear-gradient(180deg, rgba(255,255,255,0) 65%,#f4f4f6 65%);background-position: center center;background-repeat: no-repeat;border-width: 0px 0px 0px 0px;border-color:rgba(0,0,0,0.08);border-style:solid;\" ><div class=\"fusion-builder-row fusion-row fusion-flex-align-items-stretch fusion-flex-justify-content-center\" style=\"max-width:1372.8px;margin-left: calc(-4% \/ 2 );margin-right: calc(-4% \/ 2 );\"><div class=\"fusion-layout-column fusion_builder_column fusion-builder-column-1 fusion_builder_column_1_1 1_1 fusion-flex-column fusion-animated\" data-animationtype=\"fadeInDown\" data-animationduration=\"1.6\" data-animationoffset=\"100%\"><div class=\"fusion-column-wrapper fusion-column-has-shadow fusion-flex-justify-content-flex-start fusion-content-layout-column\" style=\"background-position:left top;background-repeat:no-repeat;-webkit-background-size:cover;-moz-background-size:cover;-o-background-size:cover;background-size:cover;border-radius:12px 12px 12px 12px;background-color:#ffffff;border-width: 0 1px 1px 1px;border-color:rgba(0,0,0,0.05);border-style:solid;border-radius:12px 12px 12px 12px;overflow:hidden;box-shadow:0px 12px 32px -10px rgba(0,0,0,0.1);;padding: 40px 40px 40px 40px;\"><style type=\"text\/css\">@media only screen and (max-width:1024px) {.fusion-title.fusion-title-1{margin-top:!important;margin-right:!important;margin-bottom:12px!important; margin-left:!important;}}@media only screen and (max-width:640px) {.fusion-title.fusion-title-1{margin-top:12px!important; margin-right:0px!important;margin-bottom:24px!important; margin-left:0px!important;}}<\/style><div class=\"fusion-title title fusion-title-1 fusion-sep-none fusion-title-text fusion-title-size-four\" style=\"margin-top:0px;margin-right:0px;margin-bottom:8px;margin-left:0px;\"><h4 class=\"title-heading-left fusion-responsive-typography-calculated\" style=\"margin:0;--fontSize:22;line-height:1.4;\"><p class=\" translation-block\">KNIOCH has more than 200 employees and our services are used by companies in the\nautomotiv, machine manufacturing and warehousing sectors.<\/p>\n<p class=\" translation-block\">If you want to work in a team of people who value quality work and the satisfaction of\nsuccess, we invite you to send us your CV at <strong><a href=\"mailto:kadry@knioch.pl\" target=\"_self\">kadry@knioch.pl<\/a><\/strong> . With us you will develop\nyour interests and find the job you are looking for.<\/p><\/h4><\/div><div class=\"fusion-separator fusion-full-width-sep\" style=\"align-self: center;margin-left: auto;margin-right: auto;margin-top:10px;margin-bottom:10px;width:100%;\"><\/div><\/div><style type=\"text\/css\">.fusion-body .fusion-builder-column-1{width:100% !important;margin-top : 20px;margin-bottom : 20px;}.fusion-builder-column-1 > .fusion-column-wrapper {padding-top : 40px !important;padding-right : 40px !important;margin-right : 1.92%;padding-bottom : 40px !important;padding-left : 40px !important;margin-left : 1.92%;}@media only screen and (max-width:1024px) {.fusion-body .fusion-builder-column-1{width:100% !important;order : 0;}.fusion-builder-column-1 > .fusion-column-wrapper {padding-top : 20px !important;padding-right : 20px !important;margin-right : 1.92%;padding-bottom : 30px !important;padding-left : 20px !important;margin-left : 1.92%;}}@media only screen and (max-width:640px) {.fusion-body .fusion-builder-column-1{width:100% !important;order : 0;}.fusion-builder-column-1 > .fusion-column-wrapper {margin-right : 1.92%;margin-left : 1.92%;}}<\/style><style type=\"text\/css\">.fusion-builder-column-1{filter: opacity(93%);transition: filter 0.3s ease;}.fusion-builder-column-1:hover{filter: opacity(100%);}<\/style><\/div><\/div><style type=\"text\/css\">.fusion-body .fusion-flex-container.fusion-builder-row-2{ padding-top : 1%;margin-top : 0px;padding-right : 0px;padding-bottom : 60px;margin-bottom : 0px;padding-left : 0px;}@media only screen and (max-width:1024px) {.fusion-body .fusion-flex-container.fusion-builder-row-2{ padding-bottom : 40px;}}@media only screen and (max-width:640px) {.fusion-body .fusion-flex-container.fusion-builder-row-2{ padding-top : 40px;padding-bottom : 40px;}}<\/style><\/div><\/p>","protected":false},"excerpt":{"rendered":"","protected":false},"author":3,"featured_media":0,"parent":0,"menu_order":0,"comment_status":"closed","ping_status":"closed","template":"100-width.php","meta":{"footnotes":""},"yoast_head":"<!-- This site is optimized with the Yoast SEO plugin v21.5 - https:\/\/yoast.com\/wordpress\/plugins\/seo\/ -->\n<title>Kariera - Wykrawanie, obr\u00f3bka i ci\u0119cie blach, wycinanie laserowe, gi\u0119cie drutu i profili, spawanie tig i mag - Knioch<\/title>\n<meta name=\"robots\" content=\"noindex, follow\" \/>\n<meta property=\"og:locale\" content=\"en_GB\" \/>\n<meta property=\"og:type\" content=\"article\" \/>\n<meta property=\"og:title\" content=\"Kariera - Wykrawanie, obr\u00f3bka i ci\u0119cie blach, wycinanie laserowe, gi\u0119cie drutu i profili, spawanie tig i mag - Knioch\" \/>\n<meta property=\"og:url\" content=\"https:\/\/knioch.pl\/en\/kariera\/\" \/>\n<meta property=\"og:site_name\" content=\"Wykrawanie, obr\u00f3bka i ci\u0119cie blach, wycinanie laserowe, gi\u0119cie drutu i profili, spawanie tig i mag - Knioch\" \/>\n<meta property=\"article:modified_time\" content=\"2023-10-11T12:50:57+00:00\" \/>\n<meta name=\"twitter:card\" content=\"summary_large_image\" \/>\n<meta name=\"twitter:label1\" content=\"Estimated reading time\" \/>\n\t<meta name=\"twitter:data1\" content=\"4 minutes\" \/>\n<script type=\"application\/ld+json\" class=\"yoast-schema-graph\">{\"@context\":\"https:\/\/schema.org\",\"@graph\":[{\"@type\":\"WebPage\",\"@id\":\"https:\/\/knioch.pl\/en\/kariera\/\",\"url\":\"https:\/\/knioch.pl\/en\/kariera\/\",\"name\":\"Kariera - Wykrawanie, obr\u00f3bka i ci\u0119cie blach, wycinanie laserowe, gi\u0119cie drutu i profili, spawanie tig i mag - Knioch\",\"isPartOf\":{\"@id\":\"https:\/\/knioch.pl\/en\/#website\"},\"datePublished\":\"2020-10-28T07:24:06+00:00\",\"dateModified\":\"2023-10-11T12:50:57+00:00\",\"breadcrumb\":{\"@id\":\"https:\/\/knioch.pl\/en\/kariera\/#breadcrumb\"},\"inLanguage\":\"en-GB\",\"potentialAction\":[{\"@type\":\"ReadAction\",\"target\":[\"https:\/\/knioch.pl\/en\/kariera\/\"]}]},{\"@type\":\"BreadcrumbList\",\"@id\":\"https:\/\/knioch.pl\/en\/kariera\/#breadcrumb\",\"itemListElement\":[{\"@type\":\"ListItem\",\"position\":1,\"name\":\"Home\",\"item\":\"https:\/\/knioch.pl\/\"},{\"@type\":\"ListItem\",\"position\":2,\"name\":\"Kariera\"}]},{\"@type\":\"WebSite\",\"@id\":\"https:\/\/knioch.pl\/en\/#website\",\"url\":\"https:\/\/knioch.pl\/en\/\",\"name\":\"Wykrawanie, obr\u00f3bka i ci\u0119cie blach, wycinanie laserowe, gi\u0119cie drutu i profili, spawanie tig i mag - Knioch\",\"description\":\"Z metalu potrafimy zrobi\u0107 wszystko! W naszych procesach wykorzystujemy obr\u00f3bk\u0119 plastyczn\u0105, wycinanie laserowe oraz ci\u0119cie, gi\u0119cie i wykrawanie blach, drut\u00f3w i profili. Specjalizujemy si\u0119 w malowaniu proszkowym oraz w spawaniu mag oraz tig.\",\"potentialAction\":[{\"@type\":\"SearchAction\",\"target\":{\"@type\":\"EntryPoint\",\"urlTemplate\":\"https:\/\/knioch.pl\/en\/?s={search_term_string}\"},\"query-input\":\"required name=search_term_string\"}],\"inLanguage\":\"en-GB\"}]}<\/script>\n<!-- \/ Yoast SEO plugin. -->","yoast_head_json":{"title":"Kariera - Wykrawanie, obr\u00f3bka i ci\u0119cie blach, wycinanie laserowe, gi\u0119cie drutu i profili, spawanie tig i mag - Knioch","robots":{"index":"noindex","follow":"follow"},"og_locale":"en_GB","og_type":"article","og_title":"Kariera - Wykrawanie, obr\u00f3bka i ci\u0119cie blach, wycinanie laserowe, gi\u0119cie drutu i profili, spawanie tig i mag - Knioch","og_url":"https:\/\/knioch.pl\/en\/kariera\/","og_site_name":"Wykrawanie, obr\u00f3bka i ci\u0119cie blach, wycinanie laserowe, gi\u0119cie drutu i profili, spawanie tig i mag - Knioch","article_modified_time":"2023-10-11T12:50:57+00:00","twitter_card":"summary_large_image","twitter_misc":{"Estimated reading time":"4 minutes"},"schema":{"@context":"https:\/\/schema.org","@graph":[{"@type":"WebPage","@id":"https:\/\/knioch.pl\/en\/kariera\/","url":"https:\/\/knioch.pl\/en\/kariera\/","name":"Kariera - Wykrawanie, obr\u00f3bka i ci\u0119cie blach, wycinanie laserowe, gi\u0119cie drutu i profili, spawanie tig i mag - Knioch","isPartOf":{"@id":"https:\/\/knioch.pl\/en\/#website"},"datePublished":"2020-10-28T07:24:06+00:00","dateModified":"2023-10-11T12:50:57+00:00","breadcrumb":{"@id":"https:\/\/knioch.pl\/en\/kariera\/#breadcrumb"},"inLanguage":"en-GB","potentialAction":[{"@type":"ReadAction","target":["https:\/\/knioch.pl\/en\/kariera\/"]}]},{"@type":"BreadcrumbList","@id":"https:\/\/knioch.pl\/en\/kariera\/#breadcrumb","itemListElement":[{"@type":"ListItem","position":1,"name":"Home","item":"https:\/\/knioch.pl\/"},{"@type":"ListItem","position":2,"name":"Kariera"}]},{"@type":"WebSite","@id":"https:\/\/knioch.pl\/en\/#website","url":"https:\/\/knioch.pl\/en\/","name":"Wykrawanie, obr\u00f3bka i ci\u0119cie blach, wycinanie laserowe, gi\u0119cie drutu i profili, spawanie tig i mag - Knioch","description":"Z metalu potrafimy zrobi\u0107 wszystko! W naszych procesach wykorzystujemy obr\u00f3bk\u0119 plastyczn\u0105, wycinanie laserowe oraz ci\u0119cie, gi\u0119cie i wykrawanie blach, drut\u00f3w i profili. Specjalizujemy si\u0119 w malowaniu proszkowym oraz w spawaniu mag oraz tig.","potentialAction":[{"@type":"SearchAction","target":{"@type":"EntryPoint","urlTemplate":"https:\/\/knioch.pl\/en\/?s={search_term_string}"},"query-input":"required name=search_term_string"}],"inLanguage":"en-GB"}]}},"_links":{"self":[{"href":"https:\/\/knioch.pl\/en\/wp-json\/wp\/v2\/pages\/3773"}],"collection":[{"href":"https:\/\/knioch.pl\/en\/wp-json\/wp\/v2\/pages"}],"about":[{"href":"https:\/\/knioch.pl\/en\/wp-json\/wp\/v2\/types\/page"}],"author":[{"embeddable":true,"href":"https:\/\/knioch.pl\/en\/wp-json\/wp\/v2\/users\/3"}],"replies":[{"embeddable":true,"href":"https:\/\/knioch.pl\/en\/wp-json\/wp\/v2\/comments?post=3773"}],"version-history":[{"count":55,"href":"https:\/\/knioch.pl\/en\/wp-json\/wp\/v2\/pages\/3773\/revisions"}],"predecessor-version":[{"id":5862,"href":"https:\/\/knioch.pl\/en\/wp-json\/wp\/v2\/pages\/3773\/revisions\/5862"}],"wp:attachment":[{"href":"https:\/\/knioch.pl\/en\/wp-json\/wp\/v2\/media?parent=3773"}],"curies":[{"name":"wp","href":"https:\/\/api.w.org\/{rel}","templated":true}]}}