{"id":20,"date":"2020-06-08T20:25:27","date_gmt":"2020-06-08T20:25:27","guid":{"rendered":"https:\/\/knioch.devdesign.pl\/?page_id=20"},"modified":"2023-10-11T12:41:25","modified_gmt":"2023-10-11T12:41:25","slug":"about","status":"publish","type":"page","link":"https:\/\/knioch.pl\/en\/firma\/","title":{"rendered":"Company"},"content":{"rendered":"<p><div class=\"fusion-fullwidth fullwidth-box fusion-builder-row-1 fusion-flex-container nonhundred-percent-fullwidth non-hundred-percent-height-scrolling\" style=\"background-color: rgba(255,255,255,0);background-position: center center;background-repeat: no-repeat;border-width: 0px 0px 0px 0px;border-color:rgba(0,0,0,0.08);border-style:solid;\" ><div class=\"fusion-builder-row fusion-row fusion-flex-align-items-flex-start\" style=\"max-width:1372.8px;margin-left: calc(-4% \/ 2 );margin-right: calc(-4% \/ 2 );\"><div class=\"fusion-layout-column fusion_builder_column fusion-builder-column-0 fusion_builder_column_1_1 1_1 fusion-flex-column\"><div class=\"fusion-column-wrapper fusion-flex-justify-content-flex-start fusion-content-layout-column\" style=\"background-position:left top;background-repeat:no-repeat;-webkit-background-size:cover;-moz-background-size:cover;-o-background-size:cover;background-size:cover;padding: 0px 0px 0px 0px;\">\n<div class=\"fusion-slider-revolution rev_slider_wrapper\">\t\t\t<!-- START O NAS REVOLUTION SLIDER 6.6.8 --><p class=\"rs-p-wp-fix\"><\/p>\n\t\t\t<rs-module-wrap id=\"rev_slider_3_1_wrapper\" data-source=\"gallery\" style=\"visibility:hidden;background:transparent;padding:0;margin:0px auto;margin-top:0;margin-bottom:0;\">\n\t\t\t\t<rs-module id=\"rev_slider_3_1\" style=\"\" data-version=\"6.6.8\">\n\t\t\t\t\t<rs-slides style=\"overflow: hidden; position: absolute;\">\n\t\t\t\t\t\t<rs-slide style=\"position: absolute;\" data-key=\"rs-3\" data-title=\"Slide\" data-anim=\"adpr:false;ms:50;\" data-in=\"o:0;\" data-out=\"a:false;\">\n\t\t\t\t\t\t\t<img decoding=\"async\" src=\"\/\/knioch.pl\/wp-content\/plugins\/revslider\/public\/assets\/assets\/dummy.png\" alt=\"\" title=\"Company\" class=\"rev-slidebg tp-rs-img rs-lazyload\" data-lazyload=\"\/\/knioch.pl\/wp-content\/plugins\/revslider\/public\/assets\/assets\/transparent.png\" data-parallax=\"off\" data-no-retina>\n\t\t\t\t\t\t\t<rs-bgvideo \n\t\t\t\t\t\t\t\tdata-video=\"w:100%;h:100%;sta:00:10;nse:false;rwd:false;l:true;ptimer:false;vfc:true;\"\n\t\t\t\t\t\t\t\tdata-mp4=\"\/\/knioch.pl\/wp-content\/uploads\/2023\/02\/Nowy-projekt2.mp4\"\n\t\t\t\t\t\t\t><\/rs-bgvideo>\n<!--\n\t\t\t\t\t\t\t--><rs-layer\n\t\t\t\t\t\t\t\tid=\"slider-3-slide-3-layer-0\" \n\t\t\t\t\t\t\t\tdata-type=\"text\"\n\t\t\t\t\t\t\t\tdata-tsh=\"h:2px,2px,2px,0px;v:2px,2px,2px,0px;b:2px,2px,2px,0px;\"\n\t\t\t\t\t\t\t\tdata-rsp_ch=\"on\"\n\t\t\t\t\t\t\t\tdata-xy=\"x:c;y:m;\"\n\t\t\t\t\t\t\t\tdata-text=\"w:normal;s:60,60,60,42;l:25,25,25,9;fw:300;a:center;\"\n\t\t\t\t\t\t\t\tdata-border=\"bos:solid;bow:0,0,2px,0;\"\n\t\t\t\t\t\t\t\tdata-frame_999=\"o:0;st:w;\"\n\t\t\t\t\t\t\t\tstyle=\"z-index:8;font-family:'Lato';text-transform:uppercase;\"\n\t\t\t\t\t\t\t>About us \n\t\t\t\t\t\t\t<\/rs-layer><!--\n-->\t\t\t\t\t\t<\/rs-slide>\n\t\t\t\t\t<\/rs-slides>\n\t\t\t\t<\/rs-module>\n\t\t\t\t<script>\n\t\t\t\t\tsetREVStartSize({c: 'rev_slider_3_1',rl:[1240,1240,1240,480],el:[420,420,420,320],gw:[1240,1240,1240,480],gh:[420,420,420,320],type:'standard',justify:'',layout:'fullwidth',mh:\"0\"});if (window.RS_MODULES!==undefined && window.RS_MODULES.modules!==undefined && window.RS_MODULES.modules[\"revslider31\"]!==undefined) {window.RS_MODULES.modules[\"revslider31\"].once = false;window.revapi3 = undefined;if (window.RS_MODULES.checkMinimal!==undefined) window.RS_MODULES.checkMinimal()}\n\t\t\t\t<\/script>\n\t\t\t<\/rs-module-wrap>\n\t\t\t<!-- END REVOLUTION SLIDER -->\n<\/div><\/div><style type=\"text\/css\">.fusion-body .fusion-builder-column-0{width:100% !important;margin-top : 20px;margin-bottom : 20px;}.fusion-builder-column-0 > .fusion-column-wrapper {padding-top : 0px !important;padding-right : 0px !important;margin-right : 1.92%;padding-bottom : 0px !important;padding-left : 0px !important;margin-left : 1.92%;}@media only screen and (max-width:1024px) {.fusion-body .fusion-builder-column-0{width:100% !important;order : 0;}.fusion-builder-column-0 > .fusion-column-wrapper {margin-right : 1.92%;margin-left : 1.92%;}}@media only screen and (max-width:640px) {.fusion-body .fusion-builder-column-0{width:100% !important;order : 0;}.fusion-builder-column-0 > .fusion-column-wrapper {margin-right : 1.92%;margin-left : 1.92%;}}<\/style><\/div><\/div><style type=\"text\/css\">.fusion-body .fusion-flex-container.fusion-builder-row-1{ padding-top : 0px;margin-top : -22px;padding-right : 0px;padding-bottom : 0px;margin-bottom : 0;padding-left : 0px;}<\/style><\/div><div class=\"fusion-fullwidth fullwidth-box fusion-builder-row-2 fusion-flex-container nonhundred-percent-fullwidth non-hundred-percent-height-scrolling\" style=\"background-color: rgba(255,255,255,0);background-image:linear-gradient(180deg, rgba(255,255,255,0) 65%,#f4f4f6 65%);background-position: center center;background-repeat: no-repeat;border-width: 0px 0px 0px 0px;border-color:rgba(0,0,0,0.08);border-style:solid;\" ><div class=\"fusion-builder-row fusion-row fusion-flex-align-items-stretch fusion-flex-justify-content-center\" style=\"max-width:1372.8px;margin-left: calc(-4% \/ 2 );margin-right: calc(-4% \/ 2 );\"><div class=\"fusion-layout-column fusion_builder_column fusion-builder-column-1 fusion_builder_column_1_1 1_1 fusion-flex-column fusion-animated\" data-animationtype=\"fadeInDown\" data-animationduration=\"1.6\" data-animationoffset=\"100%\"><div class=\"fusion-column-wrapper fusion-column-has-shadow fusion-flex-justify-content-flex-start fusion-content-layout-column\" style=\"background-position:left top;background-repeat:no-repeat;-webkit-background-size:cover;-moz-background-size:cover;-o-background-size:cover;background-size:cover;border-radius:12px 12px 12px 12px;background-color:#ffffff;border-width: 0 1px 1px 1px;border-color:rgba(0,0,0,0.05);border-style:solid;border-radius:12px 12px 12px 12px;overflow:hidden;box-shadow:0px 12px 32px -10px rgba(0,0,0,0.1);;padding: 40px 40px 40px 40px;\"><div class=\"fusion-text fusion-text-1 sm-text-align-left\"><p style=\"text-align: justify;\" class=\" translation-block\"><strong>KNIOCH<\/strong> has been in business since 1989, we are a modern, rapidly growing company with extensive\nindustry experience.<\/p>\n<p style=\"text-align: justify;\">We provide comprehensive metalworking services, and continuous investment in modern machinery and staff training guarantees our customers the highest quality on the market.<\/p>\n<p style=\"text-align: justify;\" class=\" translation-block\">Today, the <strong>KNIOCH<\/strong> company is:<\/p>\n<\/div><ul class=\"fusion-checklist fusion-checklist-1\" style=\"font-size:18px;line-height:30.6px;\"><li class=\"fusion-li-item\"><span style=\"height:30.6px;width:30.6px;margin-right:12.6px;\" class=\"icon-wrapper circle-no\"><i class=\"fusion-li-icon fa-arrow-right fas\" style=\"color:#ef7c00;\" aria-hidden=\"true\"><\/i><\/span><div class=\"fusion-li-item-content\" style=\"margin-left:43.2px;\">\n<p>200 skilled employees, including engineers, technologists, designers, and production workers who are constantly developing their skills<\/p>\n<\/div><\/li><li class=\"fusion-li-item\"><span style=\"height:30.6px;width:30.6px;margin-right:12.6px;\" class=\"icon-wrapper circle-no\"><i class=\"fusion-li-icon fa-arrow-right fas\" style=\"color:#ef7c00;\" aria-hidden=\"true\"><\/i><\/span><div class=\"fusion-li-item-content\" style=\"margin-left:43.2px;\">\n<p>more than 6,000 square metres of production area equipped with technology enabling the\nmanufacture of specialised and large-scale elements<\/p>\n<\/div><\/li><li class=\"fusion-li-item\"><span style=\"height:30.6px;width:30.6px;margin-right:12.6px;\" class=\"icon-wrapper circle-no\"><i class=\"fusion-li-icon fa-arrow-right fas\" style=\"color:#ef7c00;\" aria-hidden=\"true\"><\/i><\/span><div class=\"fusion-li-item-content\" style=\"margin-left:43.2px;\">\n<p>an enterprise operating according to the following standards: ISO 9001 quality management system,\nwelding ISO 3834-2, rail vehicle construction EN 15085-2 and the fabrication and assembly of steel\nstructures EN1090 EXC2<\/p>\n<\/div><\/li><\/ul><div class=\"fusion-separator fusion-full-width-sep\" style=\"align-self: center;margin-left: auto;margin-right: auto;margin-top:10px;margin-bottom:10px;width:100%;\"><\/div><div class=\"fusion-text fusion-text-2\"><p style=\"text-align: justify;\">We offer our customers complete fabrication of products, the creation of which consists of processes such as laser cutting of sheet metal, laser cutting of tubes and profiles, plastic sheet metal working, machining, robot welding and powder coating.<\/p>\n<\/div><div class=\"fusion-text fusion-text-3\"><p class=\" translation-block\"><strong>We can make anything out of metal<\/strong> \u2013 we invite you to cooperate.<\/p>\n<\/div><style type=\"text\/css\">@media only screen and (max-width:1024px) {.fusion-title.fusion-title-1{margin-top:12px!important; margin-right:0px!important;margin-bottom:24px!important;margin-left:0px!important;}}@media only screen and (max-width:640px) {.fusion-title.fusion-title-1{margin-top:12px!important; margin-right:0px!important;margin-bottom:24px!important; margin-left:0px!important;}}<\/style><div class=\"fusion-title title fusion-title-1 fusion-sep-none fusion-title-text fusion-title-size-three\" style=\"margin-top:12px;margin-right:0px;margin-bottom:24px;margin-left:0px;\"><h3 class=\"title-heading-left fusion-responsive-typography-calculated\" style=\"margin:0;--fontSize:36;line-height:1.26;\">Quality policy<\/h3><\/div><div class=\"fusion-text fusion-text-4 sm-text-align-left\"><p style=\"text-align: justify;\">The aim of all our activities is to provide customers with products of the highest quality. We treat every customer as a partner and invest the means and resources to identify and meet customer requirements in order to increase customer satisfaction, while at the same time taking care to meet other requirements, e.g. legal requirements, which we are obliged to comply with.<\/p>\n<p style=\"text-align: justify;\">For us, the quality of our services means an individual approach to each issue, in which our customer receives expert advice and a product of the highest quality. The measure of our work is the satisfaction of our customers.<\/p>\n<\/div><div class=\"fusion-text fusion-text-5 sm-text-align-center\"><p>To meet these standards we want to:<\/p>\n<\/div><ul class=\"fusion-checklist fusion-checklist-2\" style=\"font-size:18px;line-height:30.6px;\"><li class=\"fusion-li-item\"><span style=\"height:30.6px;width:30.6px;margin-right:12.6px;\" class=\"icon-wrapper circle-no\"><i class=\"fusion-li-icon fa-arrow-right fas\" style=\"color:#ef7c00;\" aria-hidden=\"true\"><\/i><\/span><div class=\"fusion-li-item-content\" style=\"margin-left:43.2px;\">identify customer expectations with regard to our services<\/div><\/li><li class=\"fusion-li-item\"><span style=\"height:30.6px;width:30.6px;margin-right:12.6px;\" class=\"icon-wrapper circle-no\"><i class=\"fusion-li-icon fa-arrow-right fas\" style=\"color:#ef7c00;\" aria-hidden=\"true\"><\/i><\/span><div class=\"fusion-li-item-content\" style=\"margin-left:43.2px;\">qualify suppliers on their ability to meet our requirements<\/div><\/li><li class=\"fusion-li-item\"><span style=\"height:30.6px;width:30.6px;margin-right:12.6px;\" class=\"icon-wrapper circle-no\"><i class=\"fusion-li-icon fa-arrow-right fas\" style=\"color:#ef7c00;\" aria-hidden=\"true\"><\/i><\/span><div class=\"fusion-li-item-content\" style=\"margin-left:43.2px;\">enhance own skills and improve staff qualifications<\/div><\/li><li class=\"fusion-li-item\"><span style=\"height:30.6px;width:30.6px;margin-right:12.6px;\" class=\"icon-wrapper circle-no\"><i class=\"fusion-li-icon fa-arrow-right fas\" style=\"color:#ef7c00;\" aria-hidden=\"true\"><\/i><\/span><div class=\"fusion-li-item-content\" style=\"margin-left:43.2px;\">ensure that actions are taken in a timely manner<\/div><\/li><li class=\"fusion-li-item\"><span style=\"height:30.6px;width:30.6px;margin-right:12.6px;\" class=\"icon-wrapper circle-no\"><i class=\"fusion-li-icon fa-arrow-right fas\" style=\"color:#ef7c00;\" aria-hidden=\"true\"><\/i><\/span><div class=\"fusion-li-item-content\" style=\"margin-left:43.2px;\">develop through continuous process improvement<\/div><\/li><li class=\"fusion-li-item\"><span style=\"height:30.6px;width:30.6px;margin-right:12.6px;\" class=\"icon-wrapper circle-no\"><i class=\"fusion-li-icon fa-arrow-right fas\" style=\"color:#ef7c00;\" aria-hidden=\"true\"><\/i><\/span><div class=\"fusion-li-item-content\" style=\"margin-left:43.2px;\">develop through investment in new technologies<\/div><\/li><\/ul><div class=\"fusion-separator fusion-full-width-sep\" style=\"align-self: center;margin-left: auto;margin-right: auto;margin-top:10px;margin-bottom:10px;width:100%;\"><\/div><div class=\"fusion-text fusion-text-6 sm-text-align-left\"><p style=\"text-align: justify;\">Caring for the high quality of our services and products, we make every effort to ensure that these activities have the least possible negative impact on the environment, waste emissions and the consumption of natural resources.<\/p>\n<p style=\"text-align: justify;\" class=\" translation-block\">This Quality Management System Policy in accordance with ISO 9001:2015 has been communicated to all <strong>KNIOCH<\/strong> personnel as a binding standard of conduct in the performance of their daily duties.<\/p>\n<p style=\"text-align: justify;\"><strong>Management Board of KNIOCH M. Sp. K.<br \/>\n<\/strong><\/p>\n<p style=\"text-align: justify;\"><strong>\u015aroda Wielkopolska, 01.10.2019 r.<\/strong><\/p>\n<\/div><div class=\"fusion-separator fusion-full-width-sep\" style=\"align-self: center;margin-left: auto;margin-right: auto;margin-top:10px;margin-bottom:10px;width:100%;\"><\/div><\/div><style type=\"text\/css\">.fusion-body .fusion-builder-column-1{width:100% !important;margin-top : 20px;margin-bottom : 20px;}.fusion-builder-column-1 > .fusion-column-wrapper {padding-top : 40px !important;padding-right : 40px !important;margin-right : 1.92%;padding-bottom : 40px !important;padding-left : 40px !important;margin-left : 1.92%;}@media only screen and (max-width:1024px) {.fusion-body .fusion-builder-column-1{width:100% !important;order : 0;}.fusion-builder-column-1 > .fusion-column-wrapper {padding-top : 20px !important;padding-right : 20px !important;margin-right : 1.92%;padding-bottom : 30px !important;padding-left : 20px !important;margin-left : 1.92%;}}@media only screen and (max-width:640px) {.fusion-body .fusion-builder-column-1{width:100% !important;order : 0;}.fusion-builder-column-1 > .fusion-column-wrapper {margin-right : 1.92%;margin-left : 1.92%;}}<\/style><style type=\"text\/css\">.fusion-builder-column-1{filter: opacity(93%);transition: filter 0.3s ease;}.fusion-builder-column-1:hover{filter: opacity(100%);}<\/style><\/div><\/div><style type=\"text\/css\">.fusion-body .fusion-flex-container.fusion-builder-row-2{ padding-top : 1%;margin-top : 0px;padding-right : 0px;padding-bottom : 60px;margin-bottom : 0px;padding-left : 0px;}@media only screen and (max-width:1024px) {.fusion-body .fusion-flex-container.fusion-builder-row-2{ padding-bottom : 40px;}}@media only screen and (max-width:640px) {.fusion-body .fusion-flex-container.fusion-builder-row-2{ padding-top : 40px;padding-bottom : 40px;}}<\/style><\/div><\/p>","protected":false},"excerpt":{"rendered":"","protected":false},"author":3,"featured_media":0,"parent":0,"menu_order":0,"comment_status":"closed","ping_status":"closed","template":"100-width.php","meta":{"footnotes":""},"yoast_head":"<!-- This site is optimized with the Yoast SEO plugin v21.5 - https:\/\/yoast.com\/wordpress\/plugins\/seo\/ -->\n<title>Firma - Wykrawanie, obr\u00f3bka i ci\u0119cie blach, wycinanie laserowe, gi\u0119cie drutu i profili, spawanie tig i mag - Knioch<\/title>\n<meta name=\"robots\" content=\"noindex, follow\" \/>\n<meta property=\"og:locale\" content=\"en_GB\" \/>\n<meta property=\"og:type\" content=\"article\" \/>\n<meta property=\"og:title\" content=\"Firma - Wykrawanie, obr\u00f3bka i ci\u0119cie blach, wycinanie laserowe, gi\u0119cie drutu i profili, spawanie tig i mag - Knioch\" \/>\n<meta property=\"og:url\" content=\"https:\/\/knioch.pl\/en\/firma\/\" \/>\n<meta property=\"og:site_name\" content=\"Wykrawanie, obr\u00f3bka i ci\u0119cie blach, wycinanie laserowe, gi\u0119cie drutu i profili, spawanie tig i mag - Knioch\" \/>\n<meta property=\"article:modified_time\" content=\"2023-10-11T12:41:25+00:00\" \/>\n<meta name=\"twitter:card\" content=\"summary_large_image\" \/>\n<meta name=\"twitter:label1\" content=\"Estimated reading time\" \/>\n\t<meta name=\"twitter:data1\" content=\"7 minutes\" \/>\n<script type=\"application\/ld+json\" class=\"yoast-schema-graph\">{\"@context\":\"https:\/\/schema.org\",\"@graph\":[{\"@type\":\"WebPage\",\"@id\":\"https:\/\/knioch.pl\/en\/firma\/\",\"url\":\"https:\/\/knioch.pl\/en\/firma\/\",\"name\":\"Firma - Wykrawanie, obr\u00f3bka i ci\u0119cie blach, wycinanie laserowe, gi\u0119cie drutu i profili, spawanie tig i mag - Knioch\",\"isPartOf\":{\"@id\":\"https:\/\/knioch.pl\/en\/#website\"},\"datePublished\":\"2020-06-08T20:25:27+00:00\",\"dateModified\":\"2023-10-11T12:41:25+00:00\",\"breadcrumb\":{\"@id\":\"https:\/\/knioch.pl\/en\/firma\/#breadcrumb\"},\"inLanguage\":\"en-GB\",\"potentialAction\":[{\"@type\":\"ReadAction\",\"target\":[\"https:\/\/knioch.pl\/en\/firma\/\"]}]},{\"@type\":\"BreadcrumbList\",\"@id\":\"https:\/\/knioch.pl\/en\/firma\/#breadcrumb\",\"itemListElement\":[{\"@type\":\"ListItem\",\"position\":1,\"name\":\"Home\",\"item\":\"https:\/\/knioch.pl\/\"},{\"@type\":\"ListItem\",\"position\":2,\"name\":\"Firma\"}]},{\"@type\":\"WebSite\",\"@id\":\"https:\/\/knioch.pl\/en\/#website\",\"url\":\"https:\/\/knioch.pl\/en\/\",\"name\":\"Wykrawanie, obr\u00f3bka i ci\u0119cie blach, wycinanie laserowe, gi\u0119cie drutu i profili, spawanie tig i mag - Knioch\",\"description\":\"Z metalu potrafimy zrobi\u0107 wszystko! W naszych procesach wykorzystujemy obr\u00f3bk\u0119 plastyczn\u0105, wycinanie laserowe oraz ci\u0119cie, gi\u0119cie i wykrawanie blach, drut\u00f3w i profili. Specjalizujemy si\u0119 w malowaniu proszkowym oraz w spawaniu mag oraz tig.\",\"potentialAction\":[{\"@type\":\"SearchAction\",\"target\":{\"@type\":\"EntryPoint\",\"urlTemplate\":\"https:\/\/knioch.pl\/en\/?s={search_term_string}\"},\"query-input\":\"required name=search_term_string\"}],\"inLanguage\":\"en-GB\"}]}<\/script>\n<!-- \/ Yoast SEO plugin. -->","yoast_head_json":{"title":"Firma - Wykrawanie, obr\u00f3bka i ci\u0119cie blach, wycinanie laserowe, gi\u0119cie drutu i profili, spawanie tig i mag - Knioch","robots":{"index":"noindex","follow":"follow"},"og_locale":"en_GB","og_type":"article","og_title":"Firma - Wykrawanie, obr\u00f3bka i ci\u0119cie blach, wycinanie laserowe, gi\u0119cie drutu i profili, spawanie tig i mag - Knioch","og_url":"https:\/\/knioch.pl\/en\/firma\/","og_site_name":"Wykrawanie, obr\u00f3bka i ci\u0119cie blach, wycinanie laserowe, gi\u0119cie drutu i profili, spawanie tig i mag - Knioch","article_modified_time":"2023-10-11T12:41:25+00:00","twitter_card":"summary_large_image","twitter_misc":{"Estimated reading time":"7 minutes"},"schema":{"@context":"https:\/\/schema.org","@graph":[{"@type":"WebPage","@id":"https:\/\/knioch.pl\/en\/firma\/","url":"https:\/\/knioch.pl\/en\/firma\/","name":"Firma - Wykrawanie, obr\u00f3bka i ci\u0119cie blach, wycinanie laserowe, gi\u0119cie drutu i profili, spawanie tig i mag - Knioch","isPartOf":{"@id":"https:\/\/knioch.pl\/en\/#website"},"datePublished":"2020-06-08T20:25:27+00:00","dateModified":"2023-10-11T12:41:25+00:00","breadcrumb":{"@id":"https:\/\/knioch.pl\/en\/firma\/#breadcrumb"},"inLanguage":"en-GB","potentialAction":[{"@type":"ReadAction","target":["https:\/\/knioch.pl\/en\/firma\/"]}]},{"@type":"BreadcrumbList","@id":"https:\/\/knioch.pl\/en\/firma\/#breadcrumb","itemListElement":[{"@type":"ListItem","position":1,"name":"Home","item":"https:\/\/knioch.pl\/"},{"@type":"ListItem","position":2,"name":"Firma"}]},{"@type":"WebSite","@id":"https:\/\/knioch.pl\/en\/#website","url":"https:\/\/knioch.pl\/en\/","name":"Wykrawanie, obr\u00f3bka i ci\u0119cie blach, wycinanie laserowe, gi\u0119cie drutu i profili, spawanie tig i mag - Knioch","description":"Z metalu potrafimy zrobi\u0107 wszystko! W naszych procesach wykorzystujemy obr\u00f3bk\u0119 plastyczn\u0105, wycinanie laserowe oraz ci\u0119cie, gi\u0119cie i wykrawanie blach, drut\u00f3w i profili. Specjalizujemy si\u0119 w malowaniu proszkowym oraz w spawaniu mag oraz tig.","potentialAction":[{"@type":"SearchAction","target":{"@type":"EntryPoint","urlTemplate":"https:\/\/knioch.pl\/en\/?s={search_term_string}"},"query-input":"required name=search_term_string"}],"inLanguage":"en-GB"}]}},"_links":{"self":[{"href":"https:\/\/knioch.pl\/en\/wp-json\/wp\/v2\/pages\/20"}],"collection":[{"href":"https:\/\/knioch.pl\/en\/wp-json\/wp\/v2\/pages"}],"about":[{"href":"https:\/\/knioch.pl\/en\/wp-json\/wp\/v2\/types\/page"}],"author":[{"embeddable":true,"href":"https:\/\/knioch.pl\/en\/wp-json\/wp\/v2\/users\/3"}],"replies":[{"embeddable":true,"href":"https:\/\/knioch.pl\/en\/wp-json\/wp\/v2\/comments?post=20"}],"version-history":[{"count":86,"href":"https:\/\/knioch.pl\/en\/wp-json\/wp\/v2\/pages\/20\/revisions"}],"predecessor-version":[{"id":6183,"href":"https:\/\/knioch.pl\/en\/wp-json\/wp\/v2\/pages\/20\/revisions\/6183"}],"wp:attachment":[{"href":"https:\/\/knioch.pl\/en\/wp-json\/wp\/v2\/media?parent=20"}],"curies":[{"name":"wp","href":"https:\/\/api.w.org\/{rel}","templated":true}]}}