{"id":11,"date":"2020-06-08T20:12:58","date_gmt":"2020-06-08T20:12:58","guid":{"rendered":"https:\/\/knioch.devdesign.pl\/?page_id=11"},"modified":"2023-10-11T12:08:15","modified_gmt":"2023-10-11T12:08:15","slug":"home","status":"publish","type":"page","link":"https:\/\/knioch.pl\/en\/","title":{"rendered":"Strona g\u0142\u00f3wna"},"content":{"rendered":"","protected":false},"excerpt":{"rendered":"","protected":false},"author":3,"featured_media":0,"parent":0,"menu_order":0,"comment_status":"closed","ping_status":"closed","template":"100-width.php","meta":{"footnotes":""},"yoast_head":"<!-- This site is optimized with the Yoast SEO plugin v21.5 - https:\/\/yoast.com\/wordpress\/plugins\/seo\/ -->\n<title>KNIOCH M. Sp. K. - \u015bwiadczymy us\u0142ugi z zakresu obr\u00f3bki metali<\/title>\n<meta name=\"description\" content=\"Firma KNIOCH M. Sp. K. . dzia\u0142amy od 1989r, jeste\u015bmy nowoczesnym, pr\u0119\u017cnie rozwijaj\u0105cym si\u0119 przedsi\u0119biorstwem z bogatym do\u015bwiadczeniem.\" \/>\n<meta name=\"robots\" content=\"index, follow, max-snippet:-1, max-image-preview:large, max-video-preview:-1\" \/>\n<link rel=\"canonical\" href=\"https:\/\/knioch.pl\/en\/\" \/>\n<meta property=\"og:locale\" content=\"en_GB\" \/>\n<meta property=\"og:type\" content=\"article\" \/>\n<meta property=\"og:title\" content=\"KNIOCH M. Sp. K. - \u015bwiadczymy us\u0142ugi z zakresu obr\u00f3bki metali\" \/>\n<meta property=\"og:description\" content=\"Firma KNIOCH M. Sp. K. . dzia\u0142amy od 1989r, jeste\u015bmy nowoczesnym, pr\u0119\u017cnie rozwijaj\u0105cym si\u0119 przedsi\u0119biorstwem z bogatym do\u015bwiadczeniem.\" \/>\n<meta property=\"og:url\" content=\"https:\/\/knioch.pl\/en\/\" \/>\n<meta property=\"og:site_name\" content=\"Wykrawanie, obr\u00f3bka i ci\u0119cie blach, wycinanie laserowe, gi\u0119cie drutu i profili, spawanie tig i mag - Knioch\" \/>\n<meta property=\"article:modified_time\" content=\"2023-10-11T12:08:15+00:00\" \/>\n<meta name=\"twitter:card\" content=\"summary_large_image\" \/>\n<script type=\"application\/ld+json\" class=\"yoast-schema-graph\">{\"@context\":\"https:\/\/schema.org\",\"@graph\":[{\"@type\":\"WebPage\",\"@id\":\"https:\/\/knioch.pl\/en\/\",\"url\":\"https:\/\/knioch.pl\/en\/\",\"name\":\"KNIOCH M. Sp. K. - \u015bwiadczymy us\u0142ugi z zakresu obr\u00f3bki metali\",\"isPartOf\":{\"@id\":\"https:\/\/knioch.pl\/en\/#website\"},\"datePublished\":\"2020-06-08T20:12:58+00:00\",\"dateModified\":\"2023-10-11T12:08:15+00:00\",\"description\":\"Firma KNIOCH M. Sp. K. . dzia\u0142amy od 1989r, jeste\u015bmy nowoczesnym, pr\u0119\u017cnie rozwijaj\u0105cym si\u0119 przedsi\u0119biorstwem z bogatym do\u015bwiadczeniem.\",\"breadcrumb\":{\"@id\":\"https:\/\/knioch.pl\/en\/#breadcrumb\"},\"inLanguage\":\"en-GB\",\"potentialAction\":[{\"@type\":\"ReadAction\",\"target\":[\"https:\/\/knioch.pl\/en\/\"]}]},{\"@type\":\"BreadcrumbList\",\"@id\":\"https:\/\/knioch.pl\/en\/#breadcrumb\",\"itemListElement\":[{\"@type\":\"ListItem\",\"position\":1,\"name\":\"Home\",\"item\":\"https:\/\/knioch.pl\/\"},{\"@type\":\"ListItem\",\"position\":2,\"name\":\"Strona g\u0142\u00f3wna\"}]},{\"@type\":\"WebSite\",\"@id\":\"https:\/\/knioch.pl\/en\/#website\",\"url\":\"https:\/\/knioch.pl\/en\/\",\"name\":\"Wykrawanie, obr\u00f3bka i ci\u0119cie blach, wycinanie laserowe, gi\u0119cie drutu i profili, spawanie tig i mag - Knioch\",\"description\":\"Z metalu potrafimy zrobi\u0107 wszystko! W naszych procesach wykorzystujemy obr\u00f3bk\u0119 plastyczn\u0105, wycinanie laserowe oraz ci\u0119cie, gi\u0119cie i wykrawanie blach, drut\u00f3w i profili. Specjalizujemy si\u0119 w malowaniu proszkowym oraz w spawaniu mag oraz tig.\",\"potentialAction\":[{\"@type\":\"SearchAction\",\"target\":{\"@type\":\"EntryPoint\",\"urlTemplate\":\"https:\/\/knioch.pl\/en\/?s={search_term_string}\"},\"query-input\":\"required name=search_term_string\"}],\"inLanguage\":\"en-GB\"}]}<\/script>\n<!-- \/ Yoast SEO plugin. -->","yoast_head_json":{"title":"KNIOCH M. Sp. K. - \u015bwiadczymy us\u0142ugi z zakresu obr\u00f3bki metali","description":"Firma KNIOCH M. Sp. K. . dzia\u0142amy od 1989r, jeste\u015bmy nowoczesnym, pr\u0119\u017cnie rozwijaj\u0105cym si\u0119 przedsi\u0119biorstwem z bogatym do\u015bwiadczeniem.","robots":{"index":"index","follow":"follow","max-snippet":"max-snippet:-1","max-image-preview":"max-image-preview:large","max-video-preview":"max-video-preview:-1"},"canonical":"https:\/\/knioch.pl\/en\/","og_locale":"en_GB","og_type":"article","og_title":"KNIOCH M. Sp. K. - \u015bwiadczymy us\u0142ugi z zakresu obr\u00f3bki metali","og_description":"Firma KNIOCH M. Sp. K. . dzia\u0142amy od 1989r, jeste\u015bmy nowoczesnym, pr\u0119\u017cnie rozwijaj\u0105cym si\u0119 przedsi\u0119biorstwem z bogatym do\u015bwiadczeniem.","og_url":"https:\/\/knioch.pl\/en\/","og_site_name":"Wykrawanie, obr\u00f3bka i ci\u0119cie blach, wycinanie laserowe, gi\u0119cie drutu i profili, spawanie tig i mag - Knioch","article_modified_time":"2023-10-11T12:08:15+00:00","twitter_card":"summary_large_image","schema":{"@context":"https:\/\/schema.org","@graph":[{"@type":"WebPage","@id":"https:\/\/knioch.pl\/en\/","url":"https:\/\/knioch.pl\/en\/","name":"KNIOCH M. Sp. K. - \u015bwiadczymy us\u0142ugi z zakresu obr\u00f3bki metali","isPartOf":{"@id":"https:\/\/knioch.pl\/en\/#website"},"datePublished":"2020-06-08T20:12:58+00:00","dateModified":"2023-10-11T12:08:15+00:00","description":"Firma KNIOCH M. Sp. K. . dzia\u0142amy od 1989r, jeste\u015bmy nowoczesnym, pr\u0119\u017cnie rozwijaj\u0105cym si\u0119 przedsi\u0119biorstwem z bogatym do\u015bwiadczeniem.","breadcrumb":{"@id":"https:\/\/knioch.pl\/en\/#breadcrumb"},"inLanguage":"en-GB","potentialAction":[{"@type":"ReadAction","target":["https:\/\/knioch.pl\/en\/"]}]},{"@type":"BreadcrumbList","@id":"https:\/\/knioch.pl\/en\/#breadcrumb","itemListElement":[{"@type":"ListItem","position":1,"name":"Home","item":"https:\/\/knioch.pl\/"},{"@type":"ListItem","position":2,"name":"Strona g\u0142\u00f3wna"}]},{"@type":"WebSite","@id":"https:\/\/knioch.pl\/en\/#website","url":"https:\/\/knioch.pl\/en\/","name":"Wykrawanie, obr\u00f3bka i ci\u0119cie blach, wycinanie laserowe, gi\u0119cie drutu i profili, spawanie tig i mag - Knioch","description":"Z metalu potrafimy zrobi\u0107 wszystko! W naszych procesach wykorzystujemy obr\u00f3bk\u0119 plastyczn\u0105, wycinanie laserowe oraz ci\u0119cie, gi\u0119cie i wykrawanie blach, drut\u00f3w i profili. Specjalizujemy si\u0119 w malowaniu proszkowym oraz w spawaniu mag oraz tig.","potentialAction":[{"@type":"SearchAction","target":{"@type":"EntryPoint","urlTemplate":"https:\/\/knioch.pl\/en\/?s={search_term_string}"},"query-input":"required name=search_term_string"}],"inLanguage":"en-GB"}]}},"_links":{"self":[{"href":"https:\/\/knioch.pl\/en\/wp-json\/wp\/v2\/pages\/11"}],"collection":[{"href":"https:\/\/knioch.pl\/en\/wp-json\/wp\/v2\/pages"}],"about":[{"href":"https:\/\/knioch.pl\/en\/wp-json\/wp\/v2\/types\/page"}],"author":[{"embeddable":true,"href":"https:\/\/knioch.pl\/en\/wp-json\/wp\/v2\/users\/3"}],"replies":[{"embeddable":true,"href":"https:\/\/knioch.pl\/en\/wp-json\/wp\/v2\/comments?post=11"}],"version-history":[{"count":105,"href":"https:\/\/knioch.pl\/en\/wp-json\/wp\/v2\/pages\/11\/revisions"}],"predecessor-version":[{"id":4380,"href":"https:\/\/knioch.pl\/en\/wp-json\/wp\/v2\/pages\/11\/revisions\/4380"}],"wp:attachment":[{"href":"https:\/\/knioch.pl\/en\/wp-json\/wp\/v2\/media?parent=11"}],"curies":[{"name":"wp","href":"https:\/\/api.w.org\/{rel}","templated":true}]}}